{"id":7404,"date":"2026-01-09T14:01:52","date_gmt":"2026-01-09T20:01:52","guid":{"rendered":"https:\/\/shop.incco.mx\/?post_type=product&#038;p=7404"},"modified":"2026-04-08T14:03:56","modified_gmt":"2026-04-08T19:03:56","slug":"decs-250-ln1cn1n","status":"publish","type":"product","link":"https:\/\/shop.incco.mx\/en\/product\/decs-250-ln1cn1n\/","title":{"rendered":"DECS-250 (LN1CN1N)"},"content":{"rendered":"<p><strong>Producto 100% original, fabricado en USA<\/strong><\/p>\n<p><strong>Fracci\u00f3n arancelaria:\u00a0<\/strong>9032894000<\/p>\n<p><strong>Style number:<\/strong>LN1CN1N<\/p>\n<p>&nbsp;<\/p>","protected":false},"excerpt":{"rendered":"<p>El DECS-250 es un completo sistema digital de control de excitaci\u00f3n. El control total en un paquete compacto proporciona una precisa regulaci\u00f3n de factor de potencia, VAR y tensi\u00f3n, y una respuesta excepcional del sistema, adem\u00e1s de la protecci\u00f3n del generador. El estabilizador de sistema de potencia opcional ayuda a cumplir con los rigurosos requisitos del c\u00f3digo de red. El DECS-250 ofrece flexibilidad extrema y funcionalidad total en un paquete econ\u00f3mico de f\u00e1cil utilizaci\u00f3n.<\/p>\n<p><strong>*El tiempo de entrega de este producto es de 7 semanas<\/strong><\/p>\n<p><strong>*Todos los precios se manejan en d\u00f3lares estadounidenses (USD)<\/strong><\/p>","protected":false},"featured_media":7115,"template":"","meta":[],"product_brand":[],"product_cat":[54,49],"product_tag":[],"class_list":{"0":"post-7404","1":"product","2":"type-product","3":"status-publish","4":"has-post-thumbnail","6":"product_cat-digital","7":"product_cat-reguladores-de-voltaje","9":"first","10":"onbackorder","11":"shipping-taxable","12":"purchasable","13":"product-type-simple"},"yoast_head":"<!-- This site is optimized with the Yoast SEO Premium plugin v27.3 (Yoast SEO v27.3) - https:\/\/yoast.com\/product\/yoast-seo-premium-wordpress\/ -->\n<title>DECS-250 (LN1CN1N) - INCCO<\/title>\n<meta name=\"description\" content=\"DECS\u2011250 (LN1CN1N) ofrece control confiable y eficiente para sistemas el\u00e9ctricos, garantizando seguridad, estabilidad y rendimiento industrial superior.\" \/>\n<meta name=\"robots\" content=\"index, follow, max-snippet:-1, max-image-preview:large, max-video-preview:-1\" \/>\n<link rel=\"canonical\" href=\"https:\/\/shop.incco.mx\/en\/product\/decs-250-ln1cn1n\/\" \/>\n<meta property=\"og:locale\" content=\"en_US\" \/>\n<meta property=\"og:type\" content=\"article\" \/>\n<meta property=\"og:title\" content=\"DECS-250 (LN1CN1N)\" \/>\n<meta property=\"og:description\" content=\"DECS\u2011250 (LN1CN1N) ofrece control confiable y eficiente para sistemas el\u00e9ctricos, garantizando seguridad, estabilidad y rendimiento industrial superior.\" \/>\n<meta property=\"og:url\" content=\"https:\/\/shop.incco.mx\/en\/product\/decs-250-ln1cn1n\/\" \/>\n<meta property=\"og:site_name\" content=\"INCCO\" \/>\n<meta property=\"article:modified_time\" content=\"2026-04-08T19:03:56+00:00\" \/>\n<meta property=\"og:image\" content=\"https:\/\/shop.incco.mx\/wp-content\/uploads\/2025\/10\/DECS-250-SF.webp\" \/>\n\t<meta property=\"og:image:width\" content=\"480\" \/>\n\t<meta property=\"og:image:height\" content=\"480\" \/>\n\t<meta property=\"og:image:type\" content=\"image\/webp\" \/>\n<meta name=\"twitter:card\" content=\"summary_large_image\" \/>\n<meta name=\"twitter:label1\" content=\"Est. reading time\" \/>\n\t<meta name=\"twitter:data1\" content=\"1 minute\" \/>\n<script type=\"application\/ld+json\" class=\"yoast-schema-graph\">{\"@context\":\"https:\\\/\\\/schema.org\",\"@graph\":[{\"@type\":\"WebPage\",\"@id\":\"https:\\\/\\\/shop.incco.mx\\\/product\\\/decs-250-ln1cn1n\\\/\",\"url\":\"https:\\\/\\\/shop.incco.mx\\\/product\\\/decs-250-ln1cn1n\\\/\",\"name\":\"DECS-250 (LN1CN1N) - INCCO\",\"isPartOf\":{\"@id\":\"https:\\\/\\\/shop.incco.mx\\\/#website\"},\"primaryImageOfPage\":{\"@id\":\"https:\\\/\\\/shop.incco.mx\\\/product\\\/decs-250-ln1cn1n\\\/#primaryimage\"},\"image\":{\"@id\":\"https:\\\/\\\/shop.incco.mx\\\/product\\\/decs-250-ln1cn1n\\\/#primaryimage\"},\"thumbnailUrl\":\"https:\\\/\\\/shop.incco.mx\\\/wp-content\\\/uploads\\\/2025\\\/10\\\/DECS-250-SF.webp\",\"datePublished\":\"2026-01-09T20:01:52+00:00\",\"dateModified\":\"2026-04-08T19:03:56+00:00\",\"description\":\"DECS\u2011250 (LN1CN1N) ofrece control confiable y eficiente para sistemas el\u00e9ctricos, garantizando seguridad, estabilidad y rendimiento industrial superior.\",\"breadcrumb\":{\"@id\":\"https:\\\/\\\/shop.incco.mx\\\/product\\\/decs-250-ln1cn1n\\\/#breadcrumb\"},\"inLanguage\":\"en-US\",\"potentialAction\":[{\"@type\":\"ReadAction\",\"target\":[\"https:\\\/\\\/shop.incco.mx\\\/product\\\/decs-250-ln1cn1n\\\/\"]}]},{\"@type\":\"ImageObject\",\"inLanguage\":\"en-US\",\"@id\":\"https:\\\/\\\/shop.incco.mx\\\/product\\\/decs-250-ln1cn1n\\\/#primaryimage\",\"url\":\"https:\\\/\\\/shop.incco.mx\\\/wp-content\\\/uploads\\\/2025\\\/10\\\/DECS-250-SF.webp\",\"contentUrl\":\"https:\\\/\\\/shop.incco.mx\\\/wp-content\\\/uploads\\\/2025\\\/10\\\/DECS-250-SF.webp\",\"width\":480,\"height\":480},{\"@type\":\"BreadcrumbList\",\"@id\":\"https:\\\/\\\/shop.incco.mx\\\/product\\\/decs-250-ln1cn1n\\\/#breadcrumb\",\"itemListElement\":[{\"@type\":\"ListItem\",\"position\":1,\"name\":\"Portada\",\"item\":\"https:\\\/\\\/shop.incco.mx\\\/\"},{\"@type\":\"ListItem\",\"position\":2,\"name\":\"Shop\",\"item\":\"https:\\\/\\\/shop.incco.mx\\\/shop\\\/\"},{\"@type\":\"ListItem\",\"position\":3,\"name\":\"DECS-250 (LN1CN1N)\"}]},{\"@type\":\"WebSite\",\"@id\":\"https:\\\/\\\/shop.incco.mx\\\/#website\",\"url\":\"https:\\\/\\\/shop.incco.mx\\\/\",\"name\":\"INCCO\",\"description\":\"Shop\",\"publisher\":{\"@id\":\"https:\\\/\\\/shop.incco.mx\\\/#organization\"},\"potentialAction\":[{\"@type\":\"SearchAction\",\"target\":{\"@type\":\"EntryPoint\",\"urlTemplate\":\"https:\\\/\\\/shop.incco.mx\\\/?s={search_term_string}\"},\"query-input\":{\"@type\":\"PropertyValueSpecification\",\"valueRequired\":true,\"valueName\":\"search_term_string\"}}],\"inLanguage\":\"en-US\"},{\"@type\":\"Organization\",\"@id\":\"https:\\\/\\\/shop.incco.mx\\\/#organization\",\"name\":\"INCCO\",\"url\":\"https:\\\/\\\/shop.incco.mx\\\/\",\"logo\":{\"@type\":\"ImageObject\",\"inLanguage\":\"en-US\",\"@id\":\"https:\\\/\\\/shop.incco.mx\\\/#\\\/schema\\\/logo\\\/image\\\/\",\"url\":\"https:\\\/\\\/shop.incco.mx\\\/wp-content\\\/uploads\\\/2026\\\/01\\\/Incco-logo-azul-con-fondo.jpg\",\"contentUrl\":\"https:\\\/\\\/shop.incco.mx\\\/wp-content\\\/uploads\\\/2026\\\/01\\\/Incco-logo-azul-con-fondo.jpg\",\"width\":884,\"height\":531,\"caption\":\"INCCO\"},\"image\":{\"@id\":\"https:\\\/\\\/shop.incco.mx\\\/#\\\/schema\\\/logo\\\/image\\\/\"}}]}<\/script>\n<!-- \/ Yoast SEO Premium plugin. -->","yoast_head_json":{"title":"DECS-250 (LN1CN1N) - INCCO","description":"DECS\u2011250 (LN1CN1N) ofrece control confiable y eficiente para sistemas el\u00e9ctricos, garantizando seguridad, estabilidad y rendimiento industrial superior.","robots":{"index":"index","follow":"follow","max-snippet":"max-snippet:-1","max-image-preview":"max-image-preview:large","max-video-preview":"max-video-preview:-1"},"canonical":"https:\/\/shop.incco.mx\/en\/product\/decs-250-ln1cn1n\/","og_locale":"en_US","og_type":"article","og_title":"DECS-250 (LN1CN1N)","og_description":"DECS\u2011250 (LN1CN1N) ofrece control confiable y eficiente para sistemas el\u00e9ctricos, garantizando seguridad, estabilidad y rendimiento industrial superior.","og_url":"https:\/\/shop.incco.mx\/en\/product\/decs-250-ln1cn1n\/","og_site_name":"INCCO","article_modified_time":"2026-04-08T19:03:56+00:00","og_image":[{"width":480,"height":480,"url":"https:\/\/shop.incco.mx\/wp-content\/uploads\/2025\/10\/DECS-250-SF.webp","type":"image\/webp"}],"twitter_card":"summary_large_image","twitter_misc":{"Est. reading time":"1 minute"},"schema":{"@context":"https:\/\/schema.org","@graph":[{"@type":"WebPage","@id":"https:\/\/shop.incco.mx\/product\/decs-250-ln1cn1n\/","url":"https:\/\/shop.incco.mx\/product\/decs-250-ln1cn1n\/","name":"DECS-250 (LN1CN1N) - INCCO","isPartOf":{"@id":"https:\/\/shop.incco.mx\/#website"},"primaryImageOfPage":{"@id":"https:\/\/shop.incco.mx\/product\/decs-250-ln1cn1n\/#primaryimage"},"image":{"@id":"https:\/\/shop.incco.mx\/product\/decs-250-ln1cn1n\/#primaryimage"},"thumbnailUrl":"https:\/\/shop.incco.mx\/wp-content\/uploads\/2025\/10\/DECS-250-SF.webp","datePublished":"2026-01-09T20:01:52+00:00","dateModified":"2026-04-08T19:03:56+00:00","description":"DECS\u2011250 (LN1CN1N) ofrece control confiable y eficiente para sistemas el\u00e9ctricos, garantizando seguridad, estabilidad y rendimiento industrial superior.","breadcrumb":{"@id":"https:\/\/shop.incco.mx\/product\/decs-250-ln1cn1n\/#breadcrumb"},"inLanguage":"en-US","potentialAction":[{"@type":"ReadAction","target":["https:\/\/shop.incco.mx\/product\/decs-250-ln1cn1n\/"]}]},{"@type":"ImageObject","inLanguage":"en-US","@id":"https:\/\/shop.incco.mx\/product\/decs-250-ln1cn1n\/#primaryimage","url":"https:\/\/shop.incco.mx\/wp-content\/uploads\/2025\/10\/DECS-250-SF.webp","contentUrl":"https:\/\/shop.incco.mx\/wp-content\/uploads\/2025\/10\/DECS-250-SF.webp","width":480,"height":480},{"@type":"BreadcrumbList","@id":"https:\/\/shop.incco.mx\/product\/decs-250-ln1cn1n\/#breadcrumb","itemListElement":[{"@type":"ListItem","position":1,"name":"Portada","item":"https:\/\/shop.incco.mx\/"},{"@type":"ListItem","position":2,"name":"Shop","item":"https:\/\/shop.incco.mx\/shop\/"},{"@type":"ListItem","position":3,"name":"DECS-250 (LN1CN1N)"}]},{"@type":"WebSite","@id":"https:\/\/shop.incco.mx\/#website","url":"https:\/\/shop.incco.mx\/","name":"INCCO","description":"Shop","publisher":{"@id":"https:\/\/shop.incco.mx\/#organization"},"potentialAction":[{"@type":"SearchAction","target":{"@type":"EntryPoint","urlTemplate":"https:\/\/shop.incco.mx\/?s={search_term_string}"},"query-input":{"@type":"PropertyValueSpecification","valueRequired":true,"valueName":"search_term_string"}}],"inLanguage":"en-US"},{"@type":"Organization","@id":"https:\/\/shop.incco.mx\/#organization","name":"INCCO","url":"https:\/\/shop.incco.mx\/","logo":{"@type":"ImageObject","inLanguage":"en-US","@id":"https:\/\/shop.incco.mx\/#\/schema\/logo\/image\/","url":"https:\/\/shop.incco.mx\/wp-content\/uploads\/2026\/01\/Incco-logo-azul-con-fondo.jpg","contentUrl":"https:\/\/shop.incco.mx\/wp-content\/uploads\/2026\/01\/Incco-logo-azul-con-fondo.jpg","width":884,"height":531,"caption":"INCCO"},"image":{"@id":"https:\/\/shop.incco.mx\/#\/schema\/logo\/image\/"}}]}},"_links":{"self":[{"href":"https:\/\/shop.incco.mx\/en\/wp-json\/wp\/v2\/product\/7404","targetHints":{"allow":["GET"]}}],"collection":[{"href":"https:\/\/shop.incco.mx\/en\/wp-json\/wp\/v2\/product"}],"about":[{"href":"https:\/\/shop.incco.mx\/en\/wp-json\/wp\/v2\/types\/product"}],"wp:featuredmedia":[{"embeddable":true,"href":"https:\/\/shop.incco.mx\/en\/wp-json\/wp\/v2\/media\/7115"}],"wp:attachment":[{"href":"https:\/\/shop.incco.mx\/en\/wp-json\/wp\/v2\/media?parent=7404"}],"wp:term":[{"taxonomy":"product_brand","embeddable":true,"href":"https:\/\/shop.incco.mx\/en\/wp-json\/wp\/v2\/product_brand?post=7404"},{"taxonomy":"product_cat","embeddable":true,"href":"https:\/\/shop.incco.mx\/en\/wp-json\/wp\/v2\/product_cat?post=7404"},{"taxonomy":"product_tag","embeddable":true,"href":"https:\/\/shop.incco.mx\/en\/wp-json\/wp\/v2\/product_tag?post=7404"}],"curies":[{"name":"wp","href":"https:\/\/api.w.org\/{rel}","templated":true}]}}