{"id":7328,"date":"2025-12-02T13:42:46","date_gmt":"2025-12-02T19:42:46","guid":{"rendered":"https:\/\/shop.incco.mx\/?post_type=product&#038;p=7328"},"modified":"2026-03-02T14:32:24","modified_gmt":"2026-03-02T20:32:24","slug":"es-47","status":"publish","type":"product","link":"https:\/\/shop.incco.mx\/en\/product\/es-47\/","title":{"rendered":"ES-47"},"content":{"rendered":"<p><strong>Producto 100% original, fabricado en USA<\/strong><\/p>\n<p><strong>Fracci\u00f3n arancelaria:<\/strong>\u00a08536308000<\/p>","protected":false},"excerpt":{"rendered":"<p><strong>Phase sequence relay<\/strong><\/p>\n<p>El rel\u00e9 de secuencia de fase ES-47 monitorea un sistema trif\u00e1sico de tres cables para asegurar la correcta rotaci\u00f3n y secuencia de fases. Ofrece protecci\u00f3n contra secuencias de fase incorrectas, p\u00e9rdida de fase y subtensi\u00f3n. Los rel\u00e9s ES-47 operan \u00fanicamente con el componente fundamental de la tensi\u00f3n detectada, rechazando todos los componentes arm\u00f3nicos.<\/p>\n<p><strong>*El tiempo de entrega de este producto es de 8 semanas<\/strong><\/p>\n<p><strong>*Todos los precios se manejan en d\u00f3lares estadounidenses (USD)<\/strong><\/p>","protected":false},"featured_media":7315,"template":"","meta":[],"product_brand":[],"product_cat":[50,56],"product_tag":[],"class_list":{"0":"post-7328","1":"product","2":"type-product","3":"status-publish","4":"has-post-thumbnail","6":"product_cat-relevadores-de-proteccion","7":"product_cat-relevadores-industrial-serie-es","9":"first","10":"onbackorder","11":"shipping-taxable","12":"purchasable","13":"product-type-simple"},"yoast_head":"<!-- This site is optimized with the Yoast SEO Premium plugin v27.3 (Yoast SEO v27.3) - https:\/\/yoast.com\/product\/yoast-seo-premium-wordpress\/ -->\n<title>ES-47 - INCCO<\/title>\n<meta name=\"description\" content=\"ES\u201147 garantiza protecci\u00f3n confiable en sistemas el\u00e9ctricos, ofreciendo seguridad, eficiencia y rendimiento superior para aplicaciones industriales.\" \/>\n<meta name=\"robots\" content=\"index, follow, max-snippet:-1, max-image-preview:large, max-video-preview:-1\" \/>\n<link rel=\"canonical\" href=\"https:\/\/shop.incco.mx\/en\/product\/es-47\/\" \/>\n<meta property=\"og:locale\" content=\"en_US\" \/>\n<meta property=\"og:type\" content=\"article\" \/>\n<meta property=\"og:title\" content=\"ES-47\" \/>\n<meta property=\"og:description\" content=\"ES\u201147 garantiza protecci\u00f3n confiable en sistemas el\u00e9ctricos, ofreciendo seguridad, eficiencia y rendimiento superior para aplicaciones industriales.\" \/>\n<meta property=\"og:url\" content=\"https:\/\/shop.incco.mx\/en\/product\/es-47\/\" \/>\n<meta property=\"og:site_name\" content=\"INCCO\" \/>\n<meta property=\"article:modified_time\" content=\"2026-03-02T20:32:24+00:00\" \/>\n<meta property=\"og:image\" content=\"https:\/\/shop.incco.mx\/wp-content\/uploads\/2025\/12\/Es-47-SF.webp\" \/>\n\t<meta property=\"og:image:width\" content=\"1072\" \/>\n\t<meta property=\"og:image:height\" content=\"1073\" \/>\n\t<meta property=\"og:image:type\" content=\"image\/webp\" \/>\n<meta name=\"twitter:card\" content=\"summary_large_image\" \/>\n<meta name=\"twitter:label1\" content=\"Est. reading time\" \/>\n\t<meta name=\"twitter:data1\" content=\"1 minute\" \/>\n<script type=\"application\/ld+json\" class=\"yoast-schema-graph\">{\"@context\":\"https:\\\/\\\/schema.org\",\"@graph\":[{\"@type\":\"WebPage\",\"@id\":\"https:\\\/\\\/shop.incco.mx\\\/product\\\/es-47\\\/\",\"url\":\"https:\\\/\\\/shop.incco.mx\\\/product\\\/es-47\\\/\",\"name\":\"ES-47 - INCCO\",\"isPartOf\":{\"@id\":\"https:\\\/\\\/shop.incco.mx\\\/#website\"},\"primaryImageOfPage\":{\"@id\":\"https:\\\/\\\/shop.incco.mx\\\/product\\\/es-47\\\/#primaryimage\"},\"image\":{\"@id\":\"https:\\\/\\\/shop.incco.mx\\\/product\\\/es-47\\\/#primaryimage\"},\"thumbnailUrl\":\"https:\\\/\\\/shop.incco.mx\\\/wp-content\\\/uploads\\\/2025\\\/12\\\/Es-47-SF.webp\",\"datePublished\":\"2025-12-02T19:42:46+00:00\",\"dateModified\":\"2026-03-02T20:32:24+00:00\",\"description\":\"ES\u201147 garantiza protecci\u00f3n confiable en sistemas el\u00e9ctricos, ofreciendo seguridad, eficiencia y rendimiento superior para aplicaciones industriales.\",\"breadcrumb\":{\"@id\":\"https:\\\/\\\/shop.incco.mx\\\/product\\\/es-47\\\/#breadcrumb\"},\"inLanguage\":\"en-US\",\"potentialAction\":[{\"@type\":\"ReadAction\",\"target\":[\"https:\\\/\\\/shop.incco.mx\\\/product\\\/es-47\\\/\"]}]},{\"@type\":\"ImageObject\",\"inLanguage\":\"en-US\",\"@id\":\"https:\\\/\\\/shop.incco.mx\\\/product\\\/es-47\\\/#primaryimage\",\"url\":\"https:\\\/\\\/shop.incco.mx\\\/wp-content\\\/uploads\\\/2025\\\/12\\\/Es-47-SF.webp\",\"contentUrl\":\"https:\\\/\\\/shop.incco.mx\\\/wp-content\\\/uploads\\\/2025\\\/12\\\/Es-47-SF.webp\",\"width\":1072,\"height\":1073},{\"@type\":\"BreadcrumbList\",\"@id\":\"https:\\\/\\\/shop.incco.mx\\\/product\\\/es-47\\\/#breadcrumb\",\"itemListElement\":[{\"@type\":\"ListItem\",\"position\":1,\"name\":\"Portada\",\"item\":\"https:\\\/\\\/shop.incco.mx\\\/\"},{\"@type\":\"ListItem\",\"position\":2,\"name\":\"Shop\",\"item\":\"https:\\\/\\\/shop.incco.mx\\\/shop\\\/\"},{\"@type\":\"ListItem\",\"position\":3,\"name\":\"ES-47\"}]},{\"@type\":\"WebSite\",\"@id\":\"https:\\\/\\\/shop.incco.mx\\\/#website\",\"url\":\"https:\\\/\\\/shop.incco.mx\\\/\",\"name\":\"INCCO\",\"description\":\"Shop\",\"publisher\":{\"@id\":\"https:\\\/\\\/shop.incco.mx\\\/#organization\"},\"potentialAction\":[{\"@type\":\"SearchAction\",\"target\":{\"@type\":\"EntryPoint\",\"urlTemplate\":\"https:\\\/\\\/shop.incco.mx\\\/?s={search_term_string}\"},\"query-input\":{\"@type\":\"PropertyValueSpecification\",\"valueRequired\":true,\"valueName\":\"search_term_string\"}}],\"inLanguage\":\"en-US\"},{\"@type\":\"Organization\",\"@id\":\"https:\\\/\\\/shop.incco.mx\\\/#organization\",\"name\":\"INCCO\",\"url\":\"https:\\\/\\\/shop.incco.mx\\\/\",\"logo\":{\"@type\":\"ImageObject\",\"inLanguage\":\"en-US\",\"@id\":\"https:\\\/\\\/shop.incco.mx\\\/#\\\/schema\\\/logo\\\/image\\\/\",\"url\":\"https:\\\/\\\/shop.incco.mx\\\/wp-content\\\/uploads\\\/2026\\\/01\\\/Incco-logo-azul-con-fondo.jpg\",\"contentUrl\":\"https:\\\/\\\/shop.incco.mx\\\/wp-content\\\/uploads\\\/2026\\\/01\\\/Incco-logo-azul-con-fondo.jpg\",\"width\":884,\"height\":531,\"caption\":\"INCCO\"},\"image\":{\"@id\":\"https:\\\/\\\/shop.incco.mx\\\/#\\\/schema\\\/logo\\\/image\\\/\"}}]}<\/script>\n<!-- \/ Yoast SEO Premium plugin. -->","yoast_head_json":{"title":"ES-47 - INCCO","description":"ES\u201147 garantiza protecci\u00f3n confiable en sistemas el\u00e9ctricos, ofreciendo seguridad, eficiencia y rendimiento superior para aplicaciones industriales.","robots":{"index":"index","follow":"follow","max-snippet":"max-snippet:-1","max-image-preview":"max-image-preview:large","max-video-preview":"max-video-preview:-1"},"canonical":"https:\/\/shop.incco.mx\/en\/product\/es-47\/","og_locale":"en_US","og_type":"article","og_title":"ES-47","og_description":"ES\u201147 garantiza protecci\u00f3n confiable en sistemas el\u00e9ctricos, ofreciendo seguridad, eficiencia y rendimiento superior para aplicaciones industriales.","og_url":"https:\/\/shop.incco.mx\/en\/product\/es-47\/","og_site_name":"INCCO","article_modified_time":"2026-03-02T20:32:24+00:00","og_image":[{"width":1072,"height":1073,"url":"https:\/\/shop.incco.mx\/wp-content\/uploads\/2025\/12\/Es-47-SF.webp","type":"image\/webp"}],"twitter_card":"summary_large_image","twitter_misc":{"Est. reading time":"1 minute"},"schema":{"@context":"https:\/\/schema.org","@graph":[{"@type":"WebPage","@id":"https:\/\/shop.incco.mx\/product\/es-47\/","url":"https:\/\/shop.incco.mx\/product\/es-47\/","name":"ES-47 - INCCO","isPartOf":{"@id":"https:\/\/shop.incco.mx\/#website"},"primaryImageOfPage":{"@id":"https:\/\/shop.incco.mx\/product\/es-47\/#primaryimage"},"image":{"@id":"https:\/\/shop.incco.mx\/product\/es-47\/#primaryimage"},"thumbnailUrl":"https:\/\/shop.incco.mx\/wp-content\/uploads\/2025\/12\/Es-47-SF.webp","datePublished":"2025-12-02T19:42:46+00:00","dateModified":"2026-03-02T20:32:24+00:00","description":"ES\u201147 garantiza protecci\u00f3n confiable en sistemas el\u00e9ctricos, ofreciendo seguridad, eficiencia y rendimiento superior para aplicaciones industriales.","breadcrumb":{"@id":"https:\/\/shop.incco.mx\/product\/es-47\/#breadcrumb"},"inLanguage":"en-US","potentialAction":[{"@type":"ReadAction","target":["https:\/\/shop.incco.mx\/product\/es-47\/"]}]},{"@type":"ImageObject","inLanguage":"en-US","@id":"https:\/\/shop.incco.mx\/product\/es-47\/#primaryimage","url":"https:\/\/shop.incco.mx\/wp-content\/uploads\/2025\/12\/Es-47-SF.webp","contentUrl":"https:\/\/shop.incco.mx\/wp-content\/uploads\/2025\/12\/Es-47-SF.webp","width":1072,"height":1073},{"@type":"BreadcrumbList","@id":"https:\/\/shop.incco.mx\/product\/es-47\/#breadcrumb","itemListElement":[{"@type":"ListItem","position":1,"name":"Portada","item":"https:\/\/shop.incco.mx\/"},{"@type":"ListItem","position":2,"name":"Shop","item":"https:\/\/shop.incco.mx\/shop\/"},{"@type":"ListItem","position":3,"name":"ES-47"}]},{"@type":"WebSite","@id":"https:\/\/shop.incco.mx\/#website","url":"https:\/\/shop.incco.mx\/","name":"INCCO","description":"Shop","publisher":{"@id":"https:\/\/shop.incco.mx\/#organization"},"potentialAction":[{"@type":"SearchAction","target":{"@type":"EntryPoint","urlTemplate":"https:\/\/shop.incco.mx\/?s={search_term_string}"},"query-input":{"@type":"PropertyValueSpecification","valueRequired":true,"valueName":"search_term_string"}}],"inLanguage":"en-US"},{"@type":"Organization","@id":"https:\/\/shop.incco.mx\/#organization","name":"INCCO","url":"https:\/\/shop.incco.mx\/","logo":{"@type":"ImageObject","inLanguage":"en-US","@id":"https:\/\/shop.incco.mx\/#\/schema\/logo\/image\/","url":"https:\/\/shop.incco.mx\/wp-content\/uploads\/2026\/01\/Incco-logo-azul-con-fondo.jpg","contentUrl":"https:\/\/shop.incco.mx\/wp-content\/uploads\/2026\/01\/Incco-logo-azul-con-fondo.jpg","width":884,"height":531,"caption":"INCCO"},"image":{"@id":"https:\/\/shop.incco.mx\/#\/schema\/logo\/image\/"}}]}},"_links":{"self":[{"href":"https:\/\/shop.incco.mx\/en\/wp-json\/wp\/v2\/product\/7328","targetHints":{"allow":["GET"]}}],"collection":[{"href":"https:\/\/shop.incco.mx\/en\/wp-json\/wp\/v2\/product"}],"about":[{"href":"https:\/\/shop.incco.mx\/en\/wp-json\/wp\/v2\/types\/product"}],"wp:featuredmedia":[{"embeddable":true,"href":"https:\/\/shop.incco.mx\/en\/wp-json\/wp\/v2\/media\/7315"}],"wp:attachment":[{"href":"https:\/\/shop.incco.mx\/en\/wp-json\/wp\/v2\/media?parent=7328"}],"wp:term":[{"taxonomy":"product_brand","embeddable":true,"href":"https:\/\/shop.incco.mx\/en\/wp-json\/wp\/v2\/product_brand?post=7328"},{"taxonomy":"product_cat","embeddable":true,"href":"https:\/\/shop.incco.mx\/en\/wp-json\/wp\/v2\/product_cat?post=7328"},{"taxonomy":"product_tag","embeddable":true,"href":"https:\/\/shop.incco.mx\/en\/wp-json\/wp\/v2\/product_tag?post=7328"}],"curies":[{"name":"wp","href":"https:\/\/api.w.org\/{rel}","templated":true}]}}