{"id":7324,"date":"2025-12-02T13:35:54","date_gmt":"2025-12-02T19:35:54","guid":{"rendered":"https:\/\/shop.incco.mx\/?post_type=product&#038;p=7324"},"modified":"2026-03-02T14:33:44","modified_gmt":"2026-03-02T20:33:44","slug":"es-59","status":"publish","type":"product","link":"https:\/\/shop.incco.mx\/en\/product\/es-59\/","title":{"rendered":"Es-59"},"content":{"rendered":"<p><strong>Producto 100% original, fabricado en USA<\/strong><\/p>\n<p><strong>Fracci\u00f3n arancelaria:<\/strong>\u00a08536308000<\/p>","protected":false},"excerpt":{"rendered":"<p><strong>Overvoltage relay<\/strong><\/p>\n<p>Los rel\u00e9s de protecci\u00f3n de la serie ES ofrecen una amplia gama de opciones de ahorro para simplificar la protecci\u00f3n en aplicaciones de generadores, transformadores, distribuci\u00f3n, control de procesos, sistemas de transferencia autom\u00e1tica y motores. Los rel\u00e9s ES ofrecen numerosas caracter\u00edsticas de alta gama que no se suelen encontrar en dispositivos de bajo coste para brindar una protecci\u00f3n sencilla pero sofisticada a sus aplicaciones. Disponemos de m\u00faltiples opciones de montaje en riel DIN.<\/p>\n<p><strong>*El tiempo de entrega de este producto es de 8 semanas<\/strong><\/p>\n<p><strong>*Todos los precios se manejan en d\u00f3lares estadounidenses (USD)<\/strong><\/p>","protected":false},"featured_media":7313,"template":"","meta":[],"product_brand":[],"product_cat":[50,56],"product_tag":[],"class_list":{"0":"post-7324","1":"product","2":"type-product","3":"status-publish","4":"has-post-thumbnail","6":"product_cat-relevadores-de-proteccion","7":"product_cat-relevadores-industrial-serie-es","9":"first","10":"onbackorder","11":"shipping-taxable","12":"purchasable","13":"product-type-simple"},"yoast_head":"<!-- This site is optimized with the Yoast SEO Premium plugin v27.3 (Yoast SEO v27.3) - https:\/\/yoast.com\/product\/yoast-seo-premium-wordpress\/ -->\n<title>Es-59 - INCCO<\/title>\n<meta name=\"description\" content=\"ES\u201159 garantiza protecci\u00f3n confiable en sistemas el\u00e9ctricos, ofreciendo seguridad, eficiencia y rendimiento superior para aplicaciones industriales.\" \/>\n<meta name=\"robots\" content=\"index, follow, max-snippet:-1, max-image-preview:large, max-video-preview:-1\" \/>\n<link rel=\"canonical\" href=\"https:\/\/shop.incco.mx\/en\/product\/es-59\/\" \/>\n<meta property=\"og:locale\" content=\"en_US\" \/>\n<meta property=\"og:type\" content=\"article\" \/>\n<meta property=\"og:title\" content=\"Es-59\" \/>\n<meta property=\"og:description\" content=\"ES\u201159 garantiza protecci\u00f3n confiable en sistemas el\u00e9ctricos, ofreciendo seguridad, eficiencia y rendimiento superior para aplicaciones industriales.\" \/>\n<meta property=\"og:url\" content=\"https:\/\/shop.incco.mx\/en\/product\/es-59\/\" \/>\n<meta property=\"og:site_name\" content=\"INCCO\" \/>\n<meta property=\"article:modified_time\" content=\"2026-03-02T20:33:44+00:00\" \/>\n<meta property=\"og:image\" content=\"https:\/\/shop.incco.mx\/wp-content\/uploads\/2025\/12\/Es-81-SF.webp\" \/>\n\t<meta property=\"og:image:width\" content=\"440\" \/>\n\t<meta property=\"og:image:height\" content=\"440\" \/>\n\t<meta property=\"og:image:type\" content=\"image\/webp\" \/>\n<meta name=\"twitter:card\" content=\"summary_large_image\" \/>\n<meta name=\"twitter:label1\" content=\"Est. reading time\" \/>\n\t<meta name=\"twitter:data1\" content=\"1 minute\" \/>\n<script type=\"application\/ld+json\" class=\"yoast-schema-graph\">{\"@context\":\"https:\\\/\\\/schema.org\",\"@graph\":[{\"@type\":\"WebPage\",\"@id\":\"https:\\\/\\\/shop.incco.mx\\\/product\\\/es-59\\\/\",\"url\":\"https:\\\/\\\/shop.incco.mx\\\/product\\\/es-59\\\/\",\"name\":\"Es-59 - INCCO\",\"isPartOf\":{\"@id\":\"https:\\\/\\\/shop.incco.mx\\\/#website\"},\"primaryImageOfPage\":{\"@id\":\"https:\\\/\\\/shop.incco.mx\\\/product\\\/es-59\\\/#primaryimage\"},\"image\":{\"@id\":\"https:\\\/\\\/shop.incco.mx\\\/product\\\/es-59\\\/#primaryimage\"},\"thumbnailUrl\":\"https:\\\/\\\/shop.incco.mx\\\/wp-content\\\/uploads\\\/2025\\\/12\\\/Es-81-SF.webp\",\"datePublished\":\"2025-12-02T19:35:54+00:00\",\"dateModified\":\"2026-03-02T20:33:44+00:00\",\"description\":\"ES\u201159 garantiza protecci\u00f3n confiable en sistemas el\u00e9ctricos, ofreciendo seguridad, eficiencia y rendimiento superior para aplicaciones industriales.\",\"breadcrumb\":{\"@id\":\"https:\\\/\\\/shop.incco.mx\\\/product\\\/es-59\\\/#breadcrumb\"},\"inLanguage\":\"en-US\",\"potentialAction\":[{\"@type\":\"ReadAction\",\"target\":[\"https:\\\/\\\/shop.incco.mx\\\/product\\\/es-59\\\/\"]}]},{\"@type\":\"ImageObject\",\"inLanguage\":\"en-US\",\"@id\":\"https:\\\/\\\/shop.incco.mx\\\/product\\\/es-59\\\/#primaryimage\",\"url\":\"https:\\\/\\\/shop.incco.mx\\\/wp-content\\\/uploads\\\/2025\\\/12\\\/Es-81-SF.webp\",\"contentUrl\":\"https:\\\/\\\/shop.incco.mx\\\/wp-content\\\/uploads\\\/2025\\\/12\\\/Es-81-SF.webp\",\"width\":440,\"height\":440},{\"@type\":\"BreadcrumbList\",\"@id\":\"https:\\\/\\\/shop.incco.mx\\\/product\\\/es-59\\\/#breadcrumb\",\"itemListElement\":[{\"@type\":\"ListItem\",\"position\":1,\"name\":\"Portada\",\"item\":\"https:\\\/\\\/shop.incco.mx\\\/\"},{\"@type\":\"ListItem\",\"position\":2,\"name\":\"Shop\",\"item\":\"https:\\\/\\\/shop.incco.mx\\\/shop\\\/\"},{\"@type\":\"ListItem\",\"position\":3,\"name\":\"Es-59\"}]},{\"@type\":\"WebSite\",\"@id\":\"https:\\\/\\\/shop.incco.mx\\\/#website\",\"url\":\"https:\\\/\\\/shop.incco.mx\\\/\",\"name\":\"INCCO\",\"description\":\"Shop\",\"publisher\":{\"@id\":\"https:\\\/\\\/shop.incco.mx\\\/#organization\"},\"potentialAction\":[{\"@type\":\"SearchAction\",\"target\":{\"@type\":\"EntryPoint\",\"urlTemplate\":\"https:\\\/\\\/shop.incco.mx\\\/?s={search_term_string}\"},\"query-input\":{\"@type\":\"PropertyValueSpecification\",\"valueRequired\":true,\"valueName\":\"search_term_string\"}}],\"inLanguage\":\"en-US\"},{\"@type\":\"Organization\",\"@id\":\"https:\\\/\\\/shop.incco.mx\\\/#organization\",\"name\":\"INCCO\",\"url\":\"https:\\\/\\\/shop.incco.mx\\\/\",\"logo\":{\"@type\":\"ImageObject\",\"inLanguage\":\"en-US\",\"@id\":\"https:\\\/\\\/shop.incco.mx\\\/#\\\/schema\\\/logo\\\/image\\\/\",\"url\":\"https:\\\/\\\/shop.incco.mx\\\/wp-content\\\/uploads\\\/2026\\\/01\\\/Incco-logo-azul-con-fondo.jpg\",\"contentUrl\":\"https:\\\/\\\/shop.incco.mx\\\/wp-content\\\/uploads\\\/2026\\\/01\\\/Incco-logo-azul-con-fondo.jpg\",\"width\":884,\"height\":531,\"caption\":\"INCCO\"},\"image\":{\"@id\":\"https:\\\/\\\/shop.incco.mx\\\/#\\\/schema\\\/logo\\\/image\\\/\"}}]}<\/script>\n<!-- \/ Yoast SEO Premium plugin. -->","yoast_head_json":{"title":"Es-59 - INCCO","description":"ES\u201159 garantiza protecci\u00f3n confiable en sistemas el\u00e9ctricos, ofreciendo seguridad, eficiencia y rendimiento superior para aplicaciones industriales.","robots":{"index":"index","follow":"follow","max-snippet":"max-snippet:-1","max-image-preview":"max-image-preview:large","max-video-preview":"max-video-preview:-1"},"canonical":"https:\/\/shop.incco.mx\/en\/product\/es-59\/","og_locale":"en_US","og_type":"article","og_title":"Es-59","og_description":"ES\u201159 garantiza protecci\u00f3n confiable en sistemas el\u00e9ctricos, ofreciendo seguridad, eficiencia y rendimiento superior para aplicaciones industriales.","og_url":"https:\/\/shop.incco.mx\/en\/product\/es-59\/","og_site_name":"INCCO","article_modified_time":"2026-03-02T20:33:44+00:00","og_image":[{"width":440,"height":440,"url":"https:\/\/shop.incco.mx\/wp-content\/uploads\/2025\/12\/Es-81-SF.webp","type":"image\/webp"}],"twitter_card":"summary_large_image","twitter_misc":{"Est. reading time":"1 minute"},"schema":{"@context":"https:\/\/schema.org","@graph":[{"@type":"WebPage","@id":"https:\/\/shop.incco.mx\/product\/es-59\/","url":"https:\/\/shop.incco.mx\/product\/es-59\/","name":"Es-59 - INCCO","isPartOf":{"@id":"https:\/\/shop.incco.mx\/#website"},"primaryImageOfPage":{"@id":"https:\/\/shop.incco.mx\/product\/es-59\/#primaryimage"},"image":{"@id":"https:\/\/shop.incco.mx\/product\/es-59\/#primaryimage"},"thumbnailUrl":"https:\/\/shop.incco.mx\/wp-content\/uploads\/2025\/12\/Es-81-SF.webp","datePublished":"2025-12-02T19:35:54+00:00","dateModified":"2026-03-02T20:33:44+00:00","description":"ES\u201159 garantiza protecci\u00f3n confiable en sistemas el\u00e9ctricos, ofreciendo seguridad, eficiencia y rendimiento superior para aplicaciones industriales.","breadcrumb":{"@id":"https:\/\/shop.incco.mx\/product\/es-59\/#breadcrumb"},"inLanguage":"en-US","potentialAction":[{"@type":"ReadAction","target":["https:\/\/shop.incco.mx\/product\/es-59\/"]}]},{"@type":"ImageObject","inLanguage":"en-US","@id":"https:\/\/shop.incco.mx\/product\/es-59\/#primaryimage","url":"https:\/\/shop.incco.mx\/wp-content\/uploads\/2025\/12\/Es-81-SF.webp","contentUrl":"https:\/\/shop.incco.mx\/wp-content\/uploads\/2025\/12\/Es-81-SF.webp","width":440,"height":440},{"@type":"BreadcrumbList","@id":"https:\/\/shop.incco.mx\/product\/es-59\/#breadcrumb","itemListElement":[{"@type":"ListItem","position":1,"name":"Portada","item":"https:\/\/shop.incco.mx\/"},{"@type":"ListItem","position":2,"name":"Shop","item":"https:\/\/shop.incco.mx\/shop\/"},{"@type":"ListItem","position":3,"name":"Es-59"}]},{"@type":"WebSite","@id":"https:\/\/shop.incco.mx\/#website","url":"https:\/\/shop.incco.mx\/","name":"INCCO","description":"Shop","publisher":{"@id":"https:\/\/shop.incco.mx\/#organization"},"potentialAction":[{"@type":"SearchAction","target":{"@type":"EntryPoint","urlTemplate":"https:\/\/shop.incco.mx\/?s={search_term_string}"},"query-input":{"@type":"PropertyValueSpecification","valueRequired":true,"valueName":"search_term_string"}}],"inLanguage":"en-US"},{"@type":"Organization","@id":"https:\/\/shop.incco.mx\/#organization","name":"INCCO","url":"https:\/\/shop.incco.mx\/","logo":{"@type":"ImageObject","inLanguage":"en-US","@id":"https:\/\/shop.incco.mx\/#\/schema\/logo\/image\/","url":"https:\/\/shop.incco.mx\/wp-content\/uploads\/2026\/01\/Incco-logo-azul-con-fondo.jpg","contentUrl":"https:\/\/shop.incco.mx\/wp-content\/uploads\/2026\/01\/Incco-logo-azul-con-fondo.jpg","width":884,"height":531,"caption":"INCCO"},"image":{"@id":"https:\/\/shop.incco.mx\/#\/schema\/logo\/image\/"}}]}},"_links":{"self":[{"href":"https:\/\/shop.incco.mx\/en\/wp-json\/wp\/v2\/product\/7324","targetHints":{"allow":["GET"]}}],"collection":[{"href":"https:\/\/shop.incco.mx\/en\/wp-json\/wp\/v2\/product"}],"about":[{"href":"https:\/\/shop.incco.mx\/en\/wp-json\/wp\/v2\/types\/product"}],"wp:featuredmedia":[{"embeddable":true,"href":"https:\/\/shop.incco.mx\/en\/wp-json\/wp\/v2\/media\/7313"}],"wp:attachment":[{"href":"https:\/\/shop.incco.mx\/en\/wp-json\/wp\/v2\/media?parent=7324"}],"wp:term":[{"taxonomy":"product_brand","embeddable":true,"href":"https:\/\/shop.incco.mx\/en\/wp-json\/wp\/v2\/product_brand?post=7324"},{"taxonomy":"product_cat","embeddable":true,"href":"https:\/\/shop.incco.mx\/en\/wp-json\/wp\/v2\/product_cat?post=7324"},{"taxonomy":"product_tag","embeddable":true,"href":"https:\/\/shop.incco.mx\/en\/wp-json\/wp\/v2\/product_tag?post=7324"}],"curies":[{"name":"wp","href":"https:\/\/api.w.org\/{rel}","templated":true}]}}