{"id":7024,"date":"2025-10-29T14:43:11","date_gmt":"2025-10-29T20:43:11","guid":{"rendered":"https:\/\/shop.incco.mx\/?post_type=product&#038;p=7024"},"modified":"2026-03-02T14:51:47","modified_gmt":"2026-03-02T20:51:47","slug":"icrm-7","status":"publish","type":"product","link":"https:\/\/shop.incco.mx\/en\/product\/icrm-7\/","title":{"rendered":"ICRM-7"},"content":{"rendered":"<p><strong>Producto 100% original, fabricado en USA<\/strong><\/p>\n<p><strong>Fracci\u00f3n arancelaria:<\/strong><\/p>","protected":false},"excerpt":{"rendered":"<p>Estos m\u00f3dulos est\u00e1n dise\u00f1ados para proteger los reguladores de voltaje tipo PWM de altas corrientes de entrada cuando se alimentan desde una fuente de alimentaci\u00f3n independiente del generador o su m\u00f3dulo de potencia de salida (PMG). Estos dispositivos peque\u00f1os y f\u00e1ciles de instalar aportan protecci\u00f3n al sistema de excitaci\u00f3n garantizando a\u00f1os de funcionamiento confiable.<\/p>\n<p><strong>*El tiempo de entrega de este producto es de 3 semanas<\/strong><\/p>\n<p><strong>*Todos los precios se manejan en d\u00f3lares estadounidenses (USD)<\/strong><\/p>","protected":false},"featured_media":7136,"template":"","meta":[],"product_brand":[],"product_cat":[46],"product_tag":[],"class_list":{"0":"post-7024","1":"product","2":"type-product","3":"status-publish","4":"has-post-thumbnail","6":"product_cat-accesorios","8":"first","9":"onbackorder","10":"shipping-taxable","11":"purchasable","12":"product-type-simple"},"yoast_head":"<!-- This site is optimized with the Yoast SEO Premium plugin v27.3 (Yoast SEO v27.3) - https:\/\/yoast.com\/product\/yoast-seo-premium-wordpress\/ -->\n<title>ICRM-7 - INCCO<\/title>\n<meta name=\"description\" content=\"ICRM\u20117 garantiza protecci\u00f3n confiable en sistemas el\u00e9ctricos, ofreciendo seguridad, eficiencia y rendimiento superior en aplicaciones industriales.\" \/>\n<meta name=\"robots\" content=\"index, follow, max-snippet:-1, max-image-preview:large, max-video-preview:-1\" \/>\n<link rel=\"canonical\" href=\"https:\/\/shop.incco.mx\/en\/product\/icrm-7\/\" \/>\n<meta property=\"og:locale\" content=\"en_US\" \/>\n<meta property=\"og:type\" content=\"article\" \/>\n<meta property=\"og:title\" content=\"ICRM-7\" \/>\n<meta property=\"og:description\" content=\"ICRM\u20117 garantiza protecci\u00f3n confiable en sistemas el\u00e9ctricos, ofreciendo seguridad, eficiencia y rendimiento superior en aplicaciones industriales.\" \/>\n<meta property=\"og:url\" content=\"https:\/\/shop.incco.mx\/en\/product\/icrm-7\/\" \/>\n<meta property=\"og:site_name\" content=\"INCCO\" \/>\n<meta property=\"article:modified_time\" content=\"2026-03-02T20:51:47+00:00\" \/>\n<meta property=\"og:image\" content=\"https:\/\/shop.incco.mx\/wp-content\/uploads\/2025\/10\/ICRM-7-SF.webp\" \/>\n\t<meta property=\"og:image:width\" content=\"383\" \/>\n\t<meta property=\"og:image:height\" content=\"384\" \/>\n\t<meta property=\"og:image:type\" content=\"image\/webp\" \/>\n<meta name=\"twitter:card\" content=\"summary_large_image\" \/>\n<meta name=\"twitter:label1\" content=\"Est. reading time\" \/>\n\t<meta name=\"twitter:data1\" content=\"1 minute\" \/>\n<script type=\"application\/ld+json\" class=\"yoast-schema-graph\">{\"@context\":\"https:\\\/\\\/schema.org\",\"@graph\":[{\"@type\":\"WebPage\",\"@id\":\"https:\\\/\\\/shop.incco.mx\\\/product\\\/icrm-7\\\/\",\"url\":\"https:\\\/\\\/shop.incco.mx\\\/product\\\/icrm-7\\\/\",\"name\":\"ICRM-7 - INCCO\",\"isPartOf\":{\"@id\":\"https:\\\/\\\/shop.incco.mx\\\/#website\"},\"primaryImageOfPage\":{\"@id\":\"https:\\\/\\\/shop.incco.mx\\\/product\\\/icrm-7\\\/#primaryimage\"},\"image\":{\"@id\":\"https:\\\/\\\/shop.incco.mx\\\/product\\\/icrm-7\\\/#primaryimage\"},\"thumbnailUrl\":\"https:\\\/\\\/shop.incco.mx\\\/wp-content\\\/uploads\\\/2025\\\/10\\\/ICRM-7-SF.webp\",\"datePublished\":\"2025-10-29T20:43:11+00:00\",\"dateModified\":\"2026-03-02T20:51:47+00:00\",\"description\":\"ICRM\u20117 garantiza protecci\u00f3n confiable en sistemas el\u00e9ctricos, ofreciendo seguridad, eficiencia y rendimiento superior en aplicaciones industriales.\",\"breadcrumb\":{\"@id\":\"https:\\\/\\\/shop.incco.mx\\\/product\\\/icrm-7\\\/#breadcrumb\"},\"inLanguage\":\"en-US\",\"potentialAction\":[{\"@type\":\"ReadAction\",\"target\":[\"https:\\\/\\\/shop.incco.mx\\\/product\\\/icrm-7\\\/\"]}]},{\"@type\":\"ImageObject\",\"inLanguage\":\"en-US\",\"@id\":\"https:\\\/\\\/shop.incco.mx\\\/product\\\/icrm-7\\\/#primaryimage\",\"url\":\"https:\\\/\\\/shop.incco.mx\\\/wp-content\\\/uploads\\\/2025\\\/10\\\/ICRM-7-SF.webp\",\"contentUrl\":\"https:\\\/\\\/shop.incco.mx\\\/wp-content\\\/uploads\\\/2025\\\/10\\\/ICRM-7-SF.webp\",\"width\":383,\"height\":384},{\"@type\":\"BreadcrumbList\",\"@id\":\"https:\\\/\\\/shop.incco.mx\\\/product\\\/icrm-7\\\/#breadcrumb\",\"itemListElement\":[{\"@type\":\"ListItem\",\"position\":1,\"name\":\"Portada\",\"item\":\"https:\\\/\\\/shop.incco.mx\\\/\"},{\"@type\":\"ListItem\",\"position\":2,\"name\":\"Shop\",\"item\":\"https:\\\/\\\/shop.incco.mx\\\/shop\\\/\"},{\"@type\":\"ListItem\",\"position\":3,\"name\":\"ICRM-7\"}]},{\"@type\":\"WebSite\",\"@id\":\"https:\\\/\\\/shop.incco.mx\\\/#website\",\"url\":\"https:\\\/\\\/shop.incco.mx\\\/\",\"name\":\"INCCO\",\"description\":\"Shop\",\"publisher\":{\"@id\":\"https:\\\/\\\/shop.incco.mx\\\/#organization\"},\"potentialAction\":[{\"@type\":\"SearchAction\",\"target\":{\"@type\":\"EntryPoint\",\"urlTemplate\":\"https:\\\/\\\/shop.incco.mx\\\/?s={search_term_string}\"},\"query-input\":{\"@type\":\"PropertyValueSpecification\",\"valueRequired\":true,\"valueName\":\"search_term_string\"}}],\"inLanguage\":\"en-US\"},{\"@type\":\"Organization\",\"@id\":\"https:\\\/\\\/shop.incco.mx\\\/#organization\",\"name\":\"INCCO\",\"url\":\"https:\\\/\\\/shop.incco.mx\\\/\",\"logo\":{\"@type\":\"ImageObject\",\"inLanguage\":\"en-US\",\"@id\":\"https:\\\/\\\/shop.incco.mx\\\/#\\\/schema\\\/logo\\\/image\\\/\",\"url\":\"https:\\\/\\\/shop.incco.mx\\\/wp-content\\\/uploads\\\/2026\\\/01\\\/Incco-logo-azul-con-fondo.jpg\",\"contentUrl\":\"https:\\\/\\\/shop.incco.mx\\\/wp-content\\\/uploads\\\/2026\\\/01\\\/Incco-logo-azul-con-fondo.jpg\",\"width\":884,\"height\":531,\"caption\":\"INCCO\"},\"image\":{\"@id\":\"https:\\\/\\\/shop.incco.mx\\\/#\\\/schema\\\/logo\\\/image\\\/\"}}]}<\/script>\n<!-- \/ Yoast SEO Premium plugin. -->","yoast_head_json":{"title":"ICRM-7 - INCCO","description":"ICRM\u20117 garantiza protecci\u00f3n confiable en sistemas el\u00e9ctricos, ofreciendo seguridad, eficiencia y rendimiento superior en aplicaciones industriales.","robots":{"index":"index","follow":"follow","max-snippet":"max-snippet:-1","max-image-preview":"max-image-preview:large","max-video-preview":"max-video-preview:-1"},"canonical":"https:\/\/shop.incco.mx\/en\/product\/icrm-7\/","og_locale":"en_US","og_type":"article","og_title":"ICRM-7","og_description":"ICRM\u20117 garantiza protecci\u00f3n confiable en sistemas el\u00e9ctricos, ofreciendo seguridad, eficiencia y rendimiento superior en aplicaciones industriales.","og_url":"https:\/\/shop.incco.mx\/en\/product\/icrm-7\/","og_site_name":"INCCO","article_modified_time":"2026-03-02T20:51:47+00:00","og_image":[{"width":383,"height":384,"url":"https:\/\/shop.incco.mx\/wp-content\/uploads\/2025\/10\/ICRM-7-SF.webp","type":"image\/webp"}],"twitter_card":"summary_large_image","twitter_misc":{"Est. reading time":"1 minute"},"schema":{"@context":"https:\/\/schema.org","@graph":[{"@type":"WebPage","@id":"https:\/\/shop.incco.mx\/product\/icrm-7\/","url":"https:\/\/shop.incco.mx\/product\/icrm-7\/","name":"ICRM-7 - INCCO","isPartOf":{"@id":"https:\/\/shop.incco.mx\/#website"},"primaryImageOfPage":{"@id":"https:\/\/shop.incco.mx\/product\/icrm-7\/#primaryimage"},"image":{"@id":"https:\/\/shop.incco.mx\/product\/icrm-7\/#primaryimage"},"thumbnailUrl":"https:\/\/shop.incco.mx\/wp-content\/uploads\/2025\/10\/ICRM-7-SF.webp","datePublished":"2025-10-29T20:43:11+00:00","dateModified":"2026-03-02T20:51:47+00:00","description":"ICRM\u20117 garantiza protecci\u00f3n confiable en sistemas el\u00e9ctricos, ofreciendo seguridad, eficiencia y rendimiento superior en aplicaciones industriales.","breadcrumb":{"@id":"https:\/\/shop.incco.mx\/product\/icrm-7\/#breadcrumb"},"inLanguage":"en-US","potentialAction":[{"@type":"ReadAction","target":["https:\/\/shop.incco.mx\/product\/icrm-7\/"]}]},{"@type":"ImageObject","inLanguage":"en-US","@id":"https:\/\/shop.incco.mx\/product\/icrm-7\/#primaryimage","url":"https:\/\/shop.incco.mx\/wp-content\/uploads\/2025\/10\/ICRM-7-SF.webp","contentUrl":"https:\/\/shop.incco.mx\/wp-content\/uploads\/2025\/10\/ICRM-7-SF.webp","width":383,"height":384},{"@type":"BreadcrumbList","@id":"https:\/\/shop.incco.mx\/product\/icrm-7\/#breadcrumb","itemListElement":[{"@type":"ListItem","position":1,"name":"Portada","item":"https:\/\/shop.incco.mx\/"},{"@type":"ListItem","position":2,"name":"Shop","item":"https:\/\/shop.incco.mx\/shop\/"},{"@type":"ListItem","position":3,"name":"ICRM-7"}]},{"@type":"WebSite","@id":"https:\/\/shop.incco.mx\/#website","url":"https:\/\/shop.incco.mx\/","name":"INCCO","description":"Shop","publisher":{"@id":"https:\/\/shop.incco.mx\/#organization"},"potentialAction":[{"@type":"SearchAction","target":{"@type":"EntryPoint","urlTemplate":"https:\/\/shop.incco.mx\/?s={search_term_string}"},"query-input":{"@type":"PropertyValueSpecification","valueRequired":true,"valueName":"search_term_string"}}],"inLanguage":"en-US"},{"@type":"Organization","@id":"https:\/\/shop.incco.mx\/#organization","name":"INCCO","url":"https:\/\/shop.incco.mx\/","logo":{"@type":"ImageObject","inLanguage":"en-US","@id":"https:\/\/shop.incco.mx\/#\/schema\/logo\/image\/","url":"https:\/\/shop.incco.mx\/wp-content\/uploads\/2026\/01\/Incco-logo-azul-con-fondo.jpg","contentUrl":"https:\/\/shop.incco.mx\/wp-content\/uploads\/2026\/01\/Incco-logo-azul-con-fondo.jpg","width":884,"height":531,"caption":"INCCO"},"image":{"@id":"https:\/\/shop.incco.mx\/#\/schema\/logo\/image\/"}}]}},"_links":{"self":[{"href":"https:\/\/shop.incco.mx\/en\/wp-json\/wp\/v2\/product\/7024","targetHints":{"allow":["GET"]}}],"collection":[{"href":"https:\/\/shop.incco.mx\/en\/wp-json\/wp\/v2\/product"}],"about":[{"href":"https:\/\/shop.incco.mx\/en\/wp-json\/wp\/v2\/types\/product"}],"wp:featuredmedia":[{"embeddable":true,"href":"https:\/\/shop.incco.mx\/en\/wp-json\/wp\/v2\/media\/7136"}],"wp:attachment":[{"href":"https:\/\/shop.incco.mx\/en\/wp-json\/wp\/v2\/media?parent=7024"}],"wp:term":[{"taxonomy":"product_brand","embeddable":true,"href":"https:\/\/shop.incco.mx\/en\/wp-json\/wp\/v2\/product_brand?post=7024"},{"taxonomy":"product_cat","embeddable":true,"href":"https:\/\/shop.incco.mx\/en\/wp-json\/wp\/v2\/product_cat?post=7024"},{"taxonomy":"product_tag","embeddable":true,"href":"https:\/\/shop.incco.mx\/en\/wp-json\/wp\/v2\/product_tag?post=7024"}],"curies":[{"name":"wp","href":"https:\/\/api.w.org\/{rel}","templated":true}]}}