{"id":7019,"date":"2025-10-29T14:30:54","date_gmt":"2025-10-29T20:30:54","guid":{"rendered":"https:\/\/shop.incco.mx\/?post_type=product&#038;p=7019"},"modified":"2026-03-02T14:34:25","modified_gmt":"2026-03-02T20:34:25","slug":"dgc-2020hd","status":"publish","type":"product","link":"https:\/\/shop.incco.mx\/en\/product\/dgc-2020hd\/","title":{"rendered":"DGC-2020HD (5NS2DNSBA)"},"content":{"rendered":"<p><strong>Producto 100% original, fabricado en USA<\/strong><\/p>\n<p><strong>Fracci\u00f3n arancelaria:<\/strong><\/p>","protected":false},"excerpt":{"rendered":"<p>El DGC-2020HD es un sistema de control de grupos electr\u00f3genos avanzado y robusto, dise\u00f1ado para esquemas complejos de distribuci\u00f3n de carga y conexi\u00f3n en paralelo. Con amplias capacidades de control, medici\u00f3n, capacidad de expansi\u00f3n y protecci\u00f3n, el DGC-2020HD es una soluci\u00f3n integral para aplicaciones de grupos electr\u00f3genos. Su dise\u00f1o compacto permite a los usuarios ahorrar espacio y dinero.<\/p>\n<p><strong>*El tiempo de entrega de este producto es de 10 semanas<\/strong><\/p>\n<p><strong>*Todos los precios se manejan en d\u00f3lares estadounidenses (USD)<\/strong><\/p>","protected":false},"featured_media":7382,"template":"","meta":[],"product_brand":[],"product_cat":[48,52],"product_tag":[],"class_list":{"0":"post-7019","1":"product","2":"type-product","3":"status-publish","4":"has-post-thumbnail","6":"product_cat-genset","7":"product_cat-paralelo-standalone","9":"first","10":"onbackorder","11":"shipping-taxable","12":"purchasable","13":"product-type-simple"},"yoast_head":"<!-- This site is optimized with the Yoast SEO Premium plugin v27.3 (Yoast SEO v27.3) - https:\/\/yoast.com\/product\/yoast-seo-premium-wordpress\/ -->\n<title>DGC-2020HD (5NS2DNSBA) - INCCO<\/title>\n<meta name=\"description\" content=\"DGC-2020HD controlador DGC-2020HD para generador en operaci\u00f3n paralelo y standalone. Sincronizaci\u00f3n autom\u00e1tica y gesti\u00f3n de carga para plantas el\u00e9ctricas industriales.\" \/>\n<meta name=\"robots\" content=\"index, follow, max-snippet:-1, max-image-preview:large, max-video-preview:-1\" \/>\n<link rel=\"canonical\" href=\"https:\/\/shop.incco.mx\/en\/product\/dgc-2020hd\/\" \/>\n<meta property=\"og:locale\" content=\"en_US\" \/>\n<meta property=\"og:type\" content=\"article\" \/>\n<meta property=\"og:title\" content=\"DGC-2020HD (5NS2DNSBA)\" \/>\n<meta property=\"og:description\" content=\"DGC-2020HD controlador DGC-2020HD para generador en operaci\u00f3n paralelo y standalone. Sincronizaci\u00f3n autom\u00e1tica y gesti\u00f3n de carga para plantas el\u00e9ctricas industriales.\" \/>\n<meta property=\"og:url\" content=\"https:\/\/shop.incco.mx\/en\/product\/dgc-2020hd\/\" \/>\n<meta property=\"og:site_name\" content=\"INCCO\" \/>\n<meta property=\"article:modified_time\" content=\"2026-03-02T20:34:25+00:00\" \/>\n<meta property=\"og:image\" content=\"https:\/\/shop.incco.mx\/wp-content\/uploads\/2026\/01\/DGC-2020HD-SF.webp\" \/>\n\t<meta property=\"og:image:width\" content=\"384\" \/>\n\t<meta property=\"og:image:height\" content=\"384\" \/>\n\t<meta property=\"og:image:type\" content=\"image\/webp\" \/>\n<meta name=\"twitter:card\" content=\"summary_large_image\" \/>\n<meta name=\"twitter:label1\" content=\"Est. reading time\" \/>\n\t<meta name=\"twitter:data1\" content=\"1 minute\" \/>\n<script type=\"application\/ld+json\" class=\"yoast-schema-graph\">{\"@context\":\"https:\\\/\\\/schema.org\",\"@graph\":[{\"@type\":\"WebPage\",\"@id\":\"https:\\\/\\\/shop.incco.mx\\\/product\\\/dgc-2020hd\\\/\",\"url\":\"https:\\\/\\\/shop.incco.mx\\\/product\\\/dgc-2020hd\\\/\",\"name\":\"DGC-2020HD (5NS2DNSBA) - INCCO\",\"isPartOf\":{\"@id\":\"https:\\\/\\\/shop.incco.mx\\\/#website\"},\"primaryImageOfPage\":{\"@id\":\"https:\\\/\\\/shop.incco.mx\\\/product\\\/dgc-2020hd\\\/#primaryimage\"},\"image\":{\"@id\":\"https:\\\/\\\/shop.incco.mx\\\/product\\\/dgc-2020hd\\\/#primaryimage\"},\"thumbnailUrl\":\"https:\\\/\\\/shop.incco.mx\\\/wp-content\\\/uploads\\\/2026\\\/01\\\/DGC-2020HD-SF.webp\",\"datePublished\":\"2025-10-29T20:30:54+00:00\",\"dateModified\":\"2026-03-02T20:34:25+00:00\",\"description\":\"DGC-2020HD controlador DGC-2020HD para generador en operaci\u00f3n paralelo y standalone. Sincronizaci\u00f3n autom\u00e1tica y gesti\u00f3n de carga para plantas el\u00e9ctricas industriales.\",\"breadcrumb\":{\"@id\":\"https:\\\/\\\/shop.incco.mx\\\/product\\\/dgc-2020hd\\\/#breadcrumb\"},\"inLanguage\":\"en-US\",\"potentialAction\":[{\"@type\":\"ReadAction\",\"target\":[\"https:\\\/\\\/shop.incco.mx\\\/product\\\/dgc-2020hd\\\/\"]}]},{\"@type\":\"ImageObject\",\"inLanguage\":\"en-US\",\"@id\":\"https:\\\/\\\/shop.incco.mx\\\/product\\\/dgc-2020hd\\\/#primaryimage\",\"url\":\"https:\\\/\\\/shop.incco.mx\\\/wp-content\\\/uploads\\\/2026\\\/01\\\/DGC-2020HD-SF.webp\",\"contentUrl\":\"https:\\\/\\\/shop.incco.mx\\\/wp-content\\\/uploads\\\/2026\\\/01\\\/DGC-2020HD-SF.webp\",\"width\":384,\"height\":384},{\"@type\":\"BreadcrumbList\",\"@id\":\"https:\\\/\\\/shop.incco.mx\\\/product\\\/dgc-2020hd\\\/#breadcrumb\",\"itemListElement\":[{\"@type\":\"ListItem\",\"position\":1,\"name\":\"Portada\",\"item\":\"https:\\\/\\\/shop.incco.mx\\\/\"},{\"@type\":\"ListItem\",\"position\":2,\"name\":\"Shop\",\"item\":\"https:\\\/\\\/shop.incco.mx\\\/shop\\\/\"},{\"@type\":\"ListItem\",\"position\":3,\"name\":\"DGC-2020HD (5NS2DNSBA)\"}]},{\"@type\":\"WebSite\",\"@id\":\"https:\\\/\\\/shop.incco.mx\\\/#website\",\"url\":\"https:\\\/\\\/shop.incco.mx\\\/\",\"name\":\"INCCO\",\"description\":\"Shop\",\"publisher\":{\"@id\":\"https:\\\/\\\/shop.incco.mx\\\/#organization\"},\"potentialAction\":[{\"@type\":\"SearchAction\",\"target\":{\"@type\":\"EntryPoint\",\"urlTemplate\":\"https:\\\/\\\/shop.incco.mx\\\/?s={search_term_string}\"},\"query-input\":{\"@type\":\"PropertyValueSpecification\",\"valueRequired\":true,\"valueName\":\"search_term_string\"}}],\"inLanguage\":\"en-US\"},{\"@type\":\"Organization\",\"@id\":\"https:\\\/\\\/shop.incco.mx\\\/#organization\",\"name\":\"INCCO\",\"url\":\"https:\\\/\\\/shop.incco.mx\\\/\",\"logo\":{\"@type\":\"ImageObject\",\"inLanguage\":\"en-US\",\"@id\":\"https:\\\/\\\/shop.incco.mx\\\/#\\\/schema\\\/logo\\\/image\\\/\",\"url\":\"https:\\\/\\\/shop.incco.mx\\\/wp-content\\\/uploads\\\/2026\\\/01\\\/Incco-logo-azul-con-fondo.jpg\",\"contentUrl\":\"https:\\\/\\\/shop.incco.mx\\\/wp-content\\\/uploads\\\/2026\\\/01\\\/Incco-logo-azul-con-fondo.jpg\",\"width\":884,\"height\":531,\"caption\":\"INCCO\"},\"image\":{\"@id\":\"https:\\\/\\\/shop.incco.mx\\\/#\\\/schema\\\/logo\\\/image\\\/\"}}]}<\/script>\n<!-- \/ Yoast SEO Premium plugin. -->","yoast_head_json":{"title":"DGC-2020HD (5NS2DNSBA) - INCCO","description":"DGC-2020HD controlador DGC-2020HD para generador en operaci\u00f3n paralelo y standalone. Sincronizaci\u00f3n autom\u00e1tica y gesti\u00f3n de carga para plantas el\u00e9ctricas industriales.","robots":{"index":"index","follow":"follow","max-snippet":"max-snippet:-1","max-image-preview":"max-image-preview:large","max-video-preview":"max-video-preview:-1"},"canonical":"https:\/\/shop.incco.mx\/en\/product\/dgc-2020hd\/","og_locale":"en_US","og_type":"article","og_title":"DGC-2020HD (5NS2DNSBA)","og_description":"DGC-2020HD controlador DGC-2020HD para generador en operaci\u00f3n paralelo y standalone. Sincronizaci\u00f3n autom\u00e1tica y gesti\u00f3n de carga para plantas el\u00e9ctricas industriales.","og_url":"https:\/\/shop.incco.mx\/en\/product\/dgc-2020hd\/","og_site_name":"INCCO","article_modified_time":"2026-03-02T20:34:25+00:00","og_image":[{"width":384,"height":384,"url":"https:\/\/shop.incco.mx\/wp-content\/uploads\/2026\/01\/DGC-2020HD-SF.webp","type":"image\/webp"}],"twitter_card":"summary_large_image","twitter_misc":{"Est. reading time":"1 minute"},"schema":{"@context":"https:\/\/schema.org","@graph":[{"@type":"WebPage","@id":"https:\/\/shop.incco.mx\/product\/dgc-2020hd\/","url":"https:\/\/shop.incco.mx\/product\/dgc-2020hd\/","name":"DGC-2020HD (5NS2DNSBA) - INCCO","isPartOf":{"@id":"https:\/\/shop.incco.mx\/#website"},"primaryImageOfPage":{"@id":"https:\/\/shop.incco.mx\/product\/dgc-2020hd\/#primaryimage"},"image":{"@id":"https:\/\/shop.incco.mx\/product\/dgc-2020hd\/#primaryimage"},"thumbnailUrl":"https:\/\/shop.incco.mx\/wp-content\/uploads\/2026\/01\/DGC-2020HD-SF.webp","datePublished":"2025-10-29T20:30:54+00:00","dateModified":"2026-03-02T20:34:25+00:00","description":"DGC-2020HD controlador DGC-2020HD para generador en operaci\u00f3n paralelo y standalone. Sincronizaci\u00f3n autom\u00e1tica y gesti\u00f3n de carga para plantas el\u00e9ctricas industriales.","breadcrumb":{"@id":"https:\/\/shop.incco.mx\/product\/dgc-2020hd\/#breadcrumb"},"inLanguage":"en-US","potentialAction":[{"@type":"ReadAction","target":["https:\/\/shop.incco.mx\/product\/dgc-2020hd\/"]}]},{"@type":"ImageObject","inLanguage":"en-US","@id":"https:\/\/shop.incco.mx\/product\/dgc-2020hd\/#primaryimage","url":"https:\/\/shop.incco.mx\/wp-content\/uploads\/2026\/01\/DGC-2020HD-SF.webp","contentUrl":"https:\/\/shop.incco.mx\/wp-content\/uploads\/2026\/01\/DGC-2020HD-SF.webp","width":384,"height":384},{"@type":"BreadcrumbList","@id":"https:\/\/shop.incco.mx\/product\/dgc-2020hd\/#breadcrumb","itemListElement":[{"@type":"ListItem","position":1,"name":"Portada","item":"https:\/\/shop.incco.mx\/"},{"@type":"ListItem","position":2,"name":"Shop","item":"https:\/\/shop.incco.mx\/shop\/"},{"@type":"ListItem","position":3,"name":"DGC-2020HD (5NS2DNSBA)"}]},{"@type":"WebSite","@id":"https:\/\/shop.incco.mx\/#website","url":"https:\/\/shop.incco.mx\/","name":"INCCO","description":"Shop","publisher":{"@id":"https:\/\/shop.incco.mx\/#organization"},"potentialAction":[{"@type":"SearchAction","target":{"@type":"EntryPoint","urlTemplate":"https:\/\/shop.incco.mx\/?s={search_term_string}"},"query-input":{"@type":"PropertyValueSpecification","valueRequired":true,"valueName":"search_term_string"}}],"inLanguage":"en-US"},{"@type":"Organization","@id":"https:\/\/shop.incco.mx\/#organization","name":"INCCO","url":"https:\/\/shop.incco.mx\/","logo":{"@type":"ImageObject","inLanguage":"en-US","@id":"https:\/\/shop.incco.mx\/#\/schema\/logo\/image\/","url":"https:\/\/shop.incco.mx\/wp-content\/uploads\/2026\/01\/Incco-logo-azul-con-fondo.jpg","contentUrl":"https:\/\/shop.incco.mx\/wp-content\/uploads\/2026\/01\/Incco-logo-azul-con-fondo.jpg","width":884,"height":531,"caption":"INCCO"},"image":{"@id":"https:\/\/shop.incco.mx\/#\/schema\/logo\/image\/"}}]}},"_links":{"self":[{"href":"https:\/\/shop.incco.mx\/en\/wp-json\/wp\/v2\/product\/7019","targetHints":{"allow":["GET"]}}],"collection":[{"href":"https:\/\/shop.incco.mx\/en\/wp-json\/wp\/v2\/product"}],"about":[{"href":"https:\/\/shop.incco.mx\/en\/wp-json\/wp\/v2\/types\/product"}],"wp:featuredmedia":[{"embeddable":true,"href":"https:\/\/shop.incco.mx\/en\/wp-json\/wp\/v2\/media\/7382"}],"wp:attachment":[{"href":"https:\/\/shop.incco.mx\/en\/wp-json\/wp\/v2\/media?parent=7019"}],"wp:term":[{"taxonomy":"product_brand","embeddable":true,"href":"https:\/\/shop.incco.mx\/en\/wp-json\/wp\/v2\/product_brand?post=7019"},{"taxonomy":"product_cat","embeddable":true,"href":"https:\/\/shop.incco.mx\/en\/wp-json\/wp\/v2\/product_cat?post=7019"},{"taxonomy":"product_tag","embeddable":true,"href":"https:\/\/shop.incco.mx\/en\/wp-json\/wp\/v2\/product_tag?post=7019"}],"curies":[{"name":"wp","href":"https:\/\/api.w.org\/{rel}","templated":true}]}}