{"id":6775,"date":"2025-10-22T10:54:15","date_gmt":"2025-10-22T15:54:15","guid":{"rendered":"https:\/\/shop.incco.mx\/?post_type=product&#038;p=6775"},"modified":"2026-04-08T14:03:54","modified_gmt":"2026-04-08T19:03:54","slug":"avc-63-4d","status":"publish","type":"product","link":"https:\/\/shop.incco.mx\/en\/product\/avc-63-4d\/","title":{"rendered":"AVC 63-4D"},"content":{"rendered":"<p><strong>*Producto 100% original, fabricado en USA<\/strong><\/p>\n<p><strong>Fracci\u00f3n arancelaria:\u00a0<\/strong>9032904100<\/p>","protected":false},"excerpt":{"rendered":"<p>El relevador AVC63-4D es el primero de la gama AVC, este regulador se caracteriza por ser extremadamente durable en todo tipo de instalaciones, es capaz de operar perfectamente en todo su rango de temperatura y su construcci\u00f3n permite que resista todo tipo de ambientes; todas estas caracter\u00edsticas lo convierten en el regulador mas confiable del mercado. Cuenta con limitador de Volts\/Hz, disparo por sobreexcitaci\u00f3n y posibilidad de ajustes de voltaje externo, adem\u00e1s por su peque\u00f1o tama\u00f1o es muy sencilla su instalaci\u00f3n, principalmente se utiliza en generadores peque\u00f1os lo que lo vuelve el regulador \u201cuniversal\u201d e ideal para la mayor\u00eda de las aplicaciones.<\/p>\n<p>Se diferencia del AVC63-4 ya que sus selectores se encuentran en la cara frontal, siendo el mismo regulador.<\/p>\n<p><strong>*Tiempo de entrega: 4 Semanas<\/strong><\/p>\n<p><strong>*Todos los precios se manejan en d\u00f3lares estadounidenses (USD)<\/strong><\/p>","protected":false},"featured_media":7097,"template":"","meta":[],"product_brand":[],"product_cat":[53,49],"product_tag":[],"class_list":{"0":"post-6775","1":"product","2":"type-product","3":"status-publish","4":"has-post-thumbnail","6":"product_cat-analogicos","7":"product_cat-reguladores-de-voltaje","9":"first","10":"onbackorder","11":"shipping-taxable","12":"purchasable","13":"product-type-simple"},"yoast_head":"<!-- This site is optimized with the Yoast SEO Premium plugin v27.3 (Yoast SEO v27.3) - https:\/\/yoast.com\/product\/yoast-seo-premium-wordpress\/ -->\n<title>AVC 63-4D | INCCO<\/title>\n<meta name=\"description\" content=\"AVC 63-4D regulador de voltaje anal\u00f3gico Basler Electric. El AVC 63-4D ofrece regulaci\u00f3n estable, alta precisi\u00f3n y rendimiento confiable. Compra ahora:\" \/>\n<meta name=\"robots\" content=\"index, follow, max-snippet:-1, max-image-preview:large, max-video-preview:-1\" \/>\n<link rel=\"canonical\" href=\"https:\/\/shop.incco.mx\/en\/product\/avc-63-4d\/\" \/>\n<meta property=\"og:locale\" content=\"en_US\" \/>\n<meta property=\"og:type\" content=\"article\" \/>\n<meta property=\"og:title\" content=\"AVC 63-4D\" \/>\n<meta property=\"og:description\" content=\"AVC 63-4D regulador de voltaje anal\u00f3gico Basler Electric. El AVC 63-4D ofrece regulaci\u00f3n estable, alta precisi\u00f3n y rendimiento confiable. Compra ahora:\" \/>\n<meta property=\"og:url\" content=\"https:\/\/shop.incco.mx\/en\/product\/avc-63-4d\/\" \/>\n<meta property=\"og:site_name\" content=\"INCCO\" \/>\n<meta property=\"article:modified_time\" content=\"2026-04-08T19:03:54+00:00\" \/>\n<meta property=\"og:image\" content=\"https:\/\/shop.incco.mx\/wp-content\/uploads\/2025\/10\/Avc-63-4D-SF.webp\" \/>\n\t<meta property=\"og:image:width\" content=\"384\" \/>\n\t<meta property=\"og:image:height\" content=\"384\" \/>\n\t<meta property=\"og:image:type\" content=\"image\/webp\" \/>\n<meta name=\"twitter:card\" content=\"summary_large_image\" \/>\n<meta name=\"twitter:label1\" content=\"Est. reading time\" \/>\n\t<meta name=\"twitter:data1\" content=\"1 minute\" \/>\n<script type=\"application\/ld+json\" class=\"yoast-schema-graph\">{\"@context\":\"https:\\\/\\\/schema.org\",\"@graph\":[{\"@type\":\"WebPage\",\"@id\":\"https:\\\/\\\/shop.incco.mx\\\/product\\\/avc-63-4d\\\/\",\"url\":\"https:\\\/\\\/shop.incco.mx\\\/product\\\/avc-63-4d\\\/\",\"name\":\"AVC 63-4D | INCCO\",\"isPartOf\":{\"@id\":\"https:\\\/\\\/shop.incco.mx\\\/#website\"},\"primaryImageOfPage\":{\"@id\":\"https:\\\/\\\/shop.incco.mx\\\/product\\\/avc-63-4d\\\/#primaryimage\"},\"image\":{\"@id\":\"https:\\\/\\\/shop.incco.mx\\\/product\\\/avc-63-4d\\\/#primaryimage\"},\"thumbnailUrl\":\"https:\\\/\\\/shop.incco.mx\\\/wp-content\\\/uploads\\\/2025\\\/10\\\/Avc-63-4D-SF.webp\",\"datePublished\":\"2025-10-22T15:54:15+00:00\",\"dateModified\":\"2026-04-08T19:03:54+00:00\",\"description\":\"AVC 63-4D regulador de voltaje anal\u00f3gico Basler Electric. El AVC 63-4D ofrece regulaci\u00f3n estable, alta precisi\u00f3n y rendimiento confiable. Compra ahora:\",\"breadcrumb\":{\"@id\":\"https:\\\/\\\/shop.incco.mx\\\/product\\\/avc-63-4d\\\/#breadcrumb\"},\"inLanguage\":\"en-US\",\"potentialAction\":[{\"@type\":\"ReadAction\",\"target\":[\"https:\\\/\\\/shop.incco.mx\\\/product\\\/avc-63-4d\\\/\"]}]},{\"@type\":\"ImageObject\",\"inLanguage\":\"en-US\",\"@id\":\"https:\\\/\\\/shop.incco.mx\\\/product\\\/avc-63-4d\\\/#primaryimage\",\"url\":\"https:\\\/\\\/shop.incco.mx\\\/wp-content\\\/uploads\\\/2025\\\/10\\\/Avc-63-4D-SF.webp\",\"contentUrl\":\"https:\\\/\\\/shop.incco.mx\\\/wp-content\\\/uploads\\\/2025\\\/10\\\/Avc-63-4D-SF.webp\",\"width\":384,\"height\":384},{\"@type\":\"BreadcrumbList\",\"@id\":\"https:\\\/\\\/shop.incco.mx\\\/product\\\/avc-63-4d\\\/#breadcrumb\",\"itemListElement\":[{\"@type\":\"ListItem\",\"position\":1,\"name\":\"Portada\",\"item\":\"https:\\\/\\\/shop.incco.mx\\\/\"},{\"@type\":\"ListItem\",\"position\":2,\"name\":\"Shop\",\"item\":\"https:\\\/\\\/shop.incco.mx\\\/shop\\\/\"},{\"@type\":\"ListItem\",\"position\":3,\"name\":\"AVC 63-4D\"}]},{\"@type\":\"WebSite\",\"@id\":\"https:\\\/\\\/shop.incco.mx\\\/#website\",\"url\":\"https:\\\/\\\/shop.incco.mx\\\/\",\"name\":\"INCCO\",\"description\":\"Shop\",\"publisher\":{\"@id\":\"https:\\\/\\\/shop.incco.mx\\\/#organization\"},\"potentialAction\":[{\"@type\":\"SearchAction\",\"target\":{\"@type\":\"EntryPoint\",\"urlTemplate\":\"https:\\\/\\\/shop.incco.mx\\\/?s={search_term_string}\"},\"query-input\":{\"@type\":\"PropertyValueSpecification\",\"valueRequired\":true,\"valueName\":\"search_term_string\"}}],\"inLanguage\":\"en-US\"},{\"@type\":\"Organization\",\"@id\":\"https:\\\/\\\/shop.incco.mx\\\/#organization\",\"name\":\"INCCO\",\"url\":\"https:\\\/\\\/shop.incco.mx\\\/\",\"logo\":{\"@type\":\"ImageObject\",\"inLanguage\":\"en-US\",\"@id\":\"https:\\\/\\\/shop.incco.mx\\\/#\\\/schema\\\/logo\\\/image\\\/\",\"url\":\"https:\\\/\\\/shop.incco.mx\\\/wp-content\\\/uploads\\\/2026\\\/01\\\/Incco-logo-azul-con-fondo.jpg\",\"contentUrl\":\"https:\\\/\\\/shop.incco.mx\\\/wp-content\\\/uploads\\\/2026\\\/01\\\/Incco-logo-azul-con-fondo.jpg\",\"width\":884,\"height\":531,\"caption\":\"INCCO\"},\"image\":{\"@id\":\"https:\\\/\\\/shop.incco.mx\\\/#\\\/schema\\\/logo\\\/image\\\/\"}}]}<\/script>\n<!-- \/ Yoast SEO Premium plugin. -->","yoast_head_json":{"title":"AVC 63-4D | INCCO","description":"AVC 63-4D regulador de voltaje anal\u00f3gico Basler Electric. El AVC 63-4D ofrece regulaci\u00f3n estable, alta precisi\u00f3n y rendimiento confiable. Compra ahora:","robots":{"index":"index","follow":"follow","max-snippet":"max-snippet:-1","max-image-preview":"max-image-preview:large","max-video-preview":"max-video-preview:-1"},"canonical":"https:\/\/shop.incco.mx\/en\/product\/avc-63-4d\/","og_locale":"en_US","og_type":"article","og_title":"AVC 63-4D","og_description":"AVC 63-4D regulador de voltaje anal\u00f3gico Basler Electric. El AVC 63-4D ofrece regulaci\u00f3n estable, alta precisi\u00f3n y rendimiento confiable. Compra ahora:","og_url":"https:\/\/shop.incco.mx\/en\/product\/avc-63-4d\/","og_site_name":"INCCO","article_modified_time":"2026-04-08T19:03:54+00:00","og_image":[{"width":384,"height":384,"url":"https:\/\/shop.incco.mx\/wp-content\/uploads\/2025\/10\/Avc-63-4D-SF.webp","type":"image\/webp"}],"twitter_card":"summary_large_image","twitter_misc":{"Est. reading time":"1 minute"},"schema":{"@context":"https:\/\/schema.org","@graph":[{"@type":"WebPage","@id":"https:\/\/shop.incco.mx\/product\/avc-63-4d\/","url":"https:\/\/shop.incco.mx\/product\/avc-63-4d\/","name":"AVC 63-4D | INCCO","isPartOf":{"@id":"https:\/\/shop.incco.mx\/#website"},"primaryImageOfPage":{"@id":"https:\/\/shop.incco.mx\/product\/avc-63-4d\/#primaryimage"},"image":{"@id":"https:\/\/shop.incco.mx\/product\/avc-63-4d\/#primaryimage"},"thumbnailUrl":"https:\/\/shop.incco.mx\/wp-content\/uploads\/2025\/10\/Avc-63-4D-SF.webp","datePublished":"2025-10-22T15:54:15+00:00","dateModified":"2026-04-08T19:03:54+00:00","description":"AVC 63-4D regulador de voltaje anal\u00f3gico Basler Electric. El AVC 63-4D ofrece regulaci\u00f3n estable, alta precisi\u00f3n y rendimiento confiable. Compra ahora:","breadcrumb":{"@id":"https:\/\/shop.incco.mx\/product\/avc-63-4d\/#breadcrumb"},"inLanguage":"en-US","potentialAction":[{"@type":"ReadAction","target":["https:\/\/shop.incco.mx\/product\/avc-63-4d\/"]}]},{"@type":"ImageObject","inLanguage":"en-US","@id":"https:\/\/shop.incco.mx\/product\/avc-63-4d\/#primaryimage","url":"https:\/\/shop.incco.mx\/wp-content\/uploads\/2025\/10\/Avc-63-4D-SF.webp","contentUrl":"https:\/\/shop.incco.mx\/wp-content\/uploads\/2025\/10\/Avc-63-4D-SF.webp","width":384,"height":384},{"@type":"BreadcrumbList","@id":"https:\/\/shop.incco.mx\/product\/avc-63-4d\/#breadcrumb","itemListElement":[{"@type":"ListItem","position":1,"name":"Portada","item":"https:\/\/shop.incco.mx\/"},{"@type":"ListItem","position":2,"name":"Shop","item":"https:\/\/shop.incco.mx\/shop\/"},{"@type":"ListItem","position":3,"name":"AVC 63-4D"}]},{"@type":"WebSite","@id":"https:\/\/shop.incco.mx\/#website","url":"https:\/\/shop.incco.mx\/","name":"INCCO","description":"Shop","publisher":{"@id":"https:\/\/shop.incco.mx\/#organization"},"potentialAction":[{"@type":"SearchAction","target":{"@type":"EntryPoint","urlTemplate":"https:\/\/shop.incco.mx\/?s={search_term_string}"},"query-input":{"@type":"PropertyValueSpecification","valueRequired":true,"valueName":"search_term_string"}}],"inLanguage":"en-US"},{"@type":"Organization","@id":"https:\/\/shop.incco.mx\/#organization","name":"INCCO","url":"https:\/\/shop.incco.mx\/","logo":{"@type":"ImageObject","inLanguage":"en-US","@id":"https:\/\/shop.incco.mx\/#\/schema\/logo\/image\/","url":"https:\/\/shop.incco.mx\/wp-content\/uploads\/2026\/01\/Incco-logo-azul-con-fondo.jpg","contentUrl":"https:\/\/shop.incco.mx\/wp-content\/uploads\/2026\/01\/Incco-logo-azul-con-fondo.jpg","width":884,"height":531,"caption":"INCCO"},"image":{"@id":"https:\/\/shop.incco.mx\/#\/schema\/logo\/image\/"}}]}},"_links":{"self":[{"href":"https:\/\/shop.incco.mx\/en\/wp-json\/wp\/v2\/product\/6775","targetHints":{"allow":["GET"]}}],"collection":[{"href":"https:\/\/shop.incco.mx\/en\/wp-json\/wp\/v2\/product"}],"about":[{"href":"https:\/\/shop.incco.mx\/en\/wp-json\/wp\/v2\/types\/product"}],"wp:featuredmedia":[{"embeddable":true,"href":"https:\/\/shop.incco.mx\/en\/wp-json\/wp\/v2\/media\/7097"}],"wp:attachment":[{"href":"https:\/\/shop.incco.mx\/en\/wp-json\/wp\/v2\/media?parent=6775"}],"wp:term":[{"taxonomy":"product_brand","embeddable":true,"href":"https:\/\/shop.incco.mx\/en\/wp-json\/wp\/v2\/product_brand?post=6775"},{"taxonomy":"product_cat","embeddable":true,"href":"https:\/\/shop.incco.mx\/en\/wp-json\/wp\/v2\/product_cat?post=6775"},{"taxonomy":"product_tag","embeddable":true,"href":"https:\/\/shop.incco.mx\/en\/wp-json\/wp\/v2\/product_tag?post=6775"}],"curies":[{"name":"wp","href":"https:\/\/api.w.org\/{rel}","templated":true}]}}