{"id":7438,"date":"2026-02-12T17:02:39","date_gmt":"2026-02-12T23:02:39","guid":{"rendered":"https:\/\/shop.incco.mx\/?page_id=7438"},"modified":"2026-02-12T17:07:31","modified_gmt":"2026-02-12T23:07:31","slug":"region","status":"publish","type":"page","link":"https:\/\/shop.incco.mx\/en\/region\/","title":{"rendered":"Regi\u00f3n"},"content":{"rendered":"<div data-elementor-type=\"wp-page\" data-elementor-id=\"7438\" class=\"elementor elementor-7438\" data-elementor-post-type=\"page\">\n\t\t\t\t<div class=\"elementor-element elementor-element-1df3f8b4 e-grid e-con-boxed e-con e-parent\" data-id=\"1df3f8b4\" data-element_type=\"container\" data-e-type=\"container\" data-settings=\"{&quot;background_background&quot;:&quot;classic&quot;}\">\n\t\t\t\t\t<div class=\"e-con-inner\">\n\t\t\t\t<div class=\"elementor-element elementor-element-61e5aa2a elementor-widget elementor-widget-ld_fancy_image\" data-id=\"61e5aa2a\" data-element_type=\"widget\" data-e-type=\"widget\" data-widget_type=\"ld_fancy_image.default\">\n\t\t\t\t<div class=\"elementor-widget-container\">\n\t\t\t\t\t\n\t\t<div class=\"lqd-imggrp-single d-block pos-rel\">\n\t\t\t<div class=\"lqd-imggrp-img-container d-inline-flex pos-rel align-items-center justify-content-center\">\n\t\t\t\t\t\t\t\t<figure class=\"w-100 pos-rel\">\n\t\t\t\t\t<img fetchpriority=\"high\" decoding=\"async\" width=\"1978\" height=\"1138\" src=\"https:\/\/shop.incco.mx\/wp-content\/uploads\/2026\/02\/incco-logo-A3.webp\" class=\"attachment-full size-full wp-image-7440\" alt=\"\" srcset=\"https:\/\/shop.incco.mx\/wp-content\/uploads\/2026\/02\/incco-logo-A3.webp 1978w, https:\/\/shop.incco.mx\/wp-content\/uploads\/2026\/02\/incco-logo-A3-300x173.webp 300w, https:\/\/shop.incco.mx\/wp-content\/uploads\/2026\/02\/incco-logo-A3-1024x589.webp 1024w, https:\/\/shop.incco.mx\/wp-content\/uploads\/2026\/02\/incco-logo-A3-1536x884.webp 1536w, https:\/\/shop.incco.mx\/wp-content\/uploads\/2026\/02\/incco-logo-A3-18x10.webp 18w, https:\/\/shop.incco.mx\/wp-content\/uploads\/2026\/02\/incco-logo-A3-600x345.webp 600w\" sizes=\"(max-width: 1978px) 100vw, 1978px\" itemprop=\"image\" \/>\t\t\t\t\t\t\t\t\t\t\t\t\t\t\t\t\t\t\t\t\t\t\t\t\t\t\t\t\t<\/figure>\n\t\t\t<\/div>\n\t\t<\/div>\n\n\t\t\t\t\t<\/div>\n\t\t\t\t<\/div>\n\t\t\t\t<div class=\"elementor-element elementor-element-5f7374b2 elementor-widget elementor-widget-hub_fancy_heading\" data-id=\"5f7374b2\" data-element_type=\"widget\" data-e-type=\"widget\" data-widget_type=\"hub_fancy_heading.default\">\n\t\t\t\t<div class=\"elementor-widget-container\">\n\t\t\t\t\t\n\t\t<div id=\"ld-fancy-heading-69e7cb636229c\" class=\"ld-fancy-heading pos-rel\">\n\t\t\t<h2 class=\"ld-fh-element d-inline-block pos-rel  elementor-heading-title lqd-highlight-classic lqd-highlight-grow-left h2\"  > SELECCIONA TU REGI\u00d3N<\/h2>\t\t<\/div>\n\n\t\t\t\t\t\t<\/div>\n\t\t\t\t<\/div>\n\t\t<div class=\"elementor-element elementor-element-1b5e8b86 e-flex e-con-boxed e-con e-child\" data-id=\"1b5e8b86\" data-element_type=\"container\" data-e-type=\"container\">\n\t\t\t\t\t<div class=\"e-con-inner\">\n\t\t<div class=\"elementor-element elementor-element-59b143b5 e-con-full e-flex e-con e-child\" data-id=\"59b143b5\" data-element_type=\"container\" data-e-type=\"container\">\n\t\t\t\t<\/div>\n\t\t<div class=\"elementor-element elementor-element-8dd5118 e-con-full e-flex e-con e-child\" data-id=\"8dd5118\" data-element_type=\"container\" data-e-type=\"container\">\n\t\t\t\t<div class=\"elementor-element elementor-element-380c81ce elementor-align-center elementor-widget elementor-widget-ld_button\" data-id=\"380c81ce\" data-element_type=\"widget\" data-e-type=\"widget\" data-widget_type=\"ld_button.default\">\n\t\t\t\t<div class=\"elementor-widget-container\">\n\t\t\t\t\t\n\t\t\t<a\n\t\t\t\thref=\"http:\/\/shop.incco.mx\/en\/mexico\/\"class=\"elementor-button btn btn-solid btn-custom-size btn-icon-shaped btn-has-label\"\t\t\t>\n\t\t\t\t\t\t\t\t\t<span data-text=\"M\u00c9XICO\" class=\"btn-txt\">\n\t\t\t\t\t\tM\u00c9XICO\t\t\t\t\t<\/span>\n\t\t\t\t\t\t\t\t\t\t\t<\/a>\n\t\t\t\t\t\t\t<\/div>\n\t\t\t\t<\/div>\n\t\t\t\t<\/div>\n\t\t<div class=\"elementor-element elementor-element-6f249060 e-con-full e-flex e-con e-child\" data-id=\"6f249060\" data-element_type=\"container\" data-e-type=\"container\">\n\t\t\t\t<div class=\"elementor-element elementor-element-372c0902 elementor-align-center elementor-widget elementor-widget-ld_button\" data-id=\"372c0902\" data-element_type=\"widget\" data-e-type=\"widget\" data-widget_type=\"ld_button.default\">\n\t\t\t\t<div class=\"elementor-widget-container\">\n\t\t\t\t\t\n\t\t\t<a\n\t\t\t\thref=\"http:\/\/shop.incco.mx\/en\/internacional\/\"class=\"elementor-button btn btn-solid btn-custom-size btn-icon-shaped btn-has-label\"\t\t\t>\n\t\t\t\t\t\t\t\t\t<span data-text=\"INTERNACIONAL\" class=\"btn-txt\">\n\t\t\t\t\t\tINTERNACIONAL\t\t\t\t\t<\/span>\n\t\t\t\t\t\t\t\t\t\t\t<\/a>\n\t\t\t\t\t\t\t<\/div>\n\t\t\t\t<\/div>\n\t\t\t\t<\/div>\n\t\t<div class=\"elementor-element elementor-element-7491b5b0 e-con-full e-flex e-con e-child\" data-id=\"7491b5b0\" data-element_type=\"container\" data-e-type=\"container\">\n\t\t\t\t<\/div>\n\t\t\t\t\t<\/div>\n\t\t\t\t<\/div>\n\t\t\t\t\t<\/div>\n\t\t\t\t<\/div>\n\t\t\t\t<\/div>","protected":false},"excerpt":{"rendered":"<p>SELECCIONA TU REGI\u00d3N M\u00c9XICO INTERNACIONAL<\/p>","protected":false},"author":1,"featured_media":0,"parent":0,"menu_order":0,"comment_status":"closed","ping_status":"closed","template":"","meta":{"footnotes":""},"class_list":["post-7438","page","type-page","status-publish","hentry"],"yoast_head":"<!-- This site is optimized with the Yoast SEO Premium plugin v27.3 (Yoast SEO v27.3) - https:\/\/yoast.com\/product\/yoast-seo-premium-wordpress\/ -->\n<title>Regi\u00f3n - INCCO<\/title>\n<meta name=\"robots\" content=\"index, follow, max-snippet:-1, max-image-preview:large, max-video-preview:-1\" \/>\n<link rel=\"canonical\" href=\"https:\/\/shop.incco.mx\/en\/region\/\" \/>\n<meta property=\"og:locale\" content=\"en_US\" \/>\n<meta property=\"og:type\" content=\"article\" \/>\n<meta property=\"og:title\" content=\"Regi\u00f3n\" \/>\n<meta property=\"og:description\" content=\"SELECCIONA TU REGI\u00d3N M\u00c9XICO INTERNACIONAL\" \/>\n<meta property=\"og:url\" content=\"https:\/\/shop.incco.mx\/en\/region\/\" \/>\n<meta property=\"og:site_name\" content=\"INCCO\" \/>\n<meta property=\"article:modified_time\" content=\"2026-02-12T23:07:31+00:00\" \/>\n<meta property=\"og:image\" content=\"https:\/\/shop.incco.mx\/wp-content\/uploads\/2026\/02\/incco-logo-A3.webp\" \/>\n\t<meta property=\"og:image:width\" content=\"1978\" \/>\n\t<meta property=\"og:image:height\" content=\"1138\" \/>\n\t<meta property=\"og:image:type\" content=\"image\/webp\" \/>\n<meta name=\"twitter:card\" content=\"summary_large_image\" \/>\n<meta name=\"twitter:label1\" content=\"Est. reading time\" \/>\n\t<meta name=\"twitter:data1\" content=\"1 minute\" \/>\n<script type=\"application\/ld+json\" class=\"yoast-schema-graph\">{\"@context\":\"https:\\\/\\\/schema.org\",\"@graph\":[{\"@type\":\"WebPage\",\"@id\":\"https:\\\/\\\/shop.incco.mx\\\/region\\\/\",\"url\":\"https:\\\/\\\/shop.incco.mx\\\/region\\\/\",\"name\":\"Regi\u00f3n - INCCO\",\"isPartOf\":{\"@id\":\"https:\\\/\\\/shop.incco.mx\\\/#website\"},\"primaryImageOfPage\":{\"@id\":\"https:\\\/\\\/shop.incco.mx\\\/region\\\/#primaryimage\"},\"image\":{\"@id\":\"https:\\\/\\\/shop.incco.mx\\\/region\\\/#primaryimage\"},\"thumbnailUrl\":\"https:\\\/\\\/shop.incco.mx\\\/wp-content\\\/uploads\\\/2026\\\/02\\\/incco-logo-A3.webp\",\"datePublished\":\"2026-02-12T23:02:39+00:00\",\"dateModified\":\"2026-02-12T23:07:31+00:00\",\"breadcrumb\":{\"@id\":\"https:\\\/\\\/shop.incco.mx\\\/region\\\/#breadcrumb\"},\"inLanguage\":\"en-US\",\"potentialAction\":[{\"@type\":\"ReadAction\",\"target\":[\"https:\\\/\\\/shop.incco.mx\\\/region\\\/\"]}]},{\"@type\":\"ImageObject\",\"inLanguage\":\"en-US\",\"@id\":\"https:\\\/\\\/shop.incco.mx\\\/region\\\/#primaryimage\",\"url\":\"https:\\\/\\\/shop.incco.mx\\\/wp-content\\\/uploads\\\/2026\\\/02\\\/incco-logo-A3.webp\",\"contentUrl\":\"https:\\\/\\\/shop.incco.mx\\\/wp-content\\\/uploads\\\/2026\\\/02\\\/incco-logo-A3.webp\"},{\"@type\":\"BreadcrumbList\",\"@id\":\"https:\\\/\\\/shop.incco.mx\\\/region\\\/#breadcrumb\",\"itemListElement\":[{\"@type\":\"ListItem\",\"position\":1,\"name\":\"Portada\",\"item\":\"https:\\\/\\\/shop.incco.mx\\\/\"},{\"@type\":\"ListItem\",\"position\":2,\"name\":\"Regi\u00f3n\"}]},{\"@type\":\"WebSite\",\"@id\":\"https:\\\/\\\/shop.incco.mx\\\/#website\",\"url\":\"https:\\\/\\\/shop.incco.mx\\\/\",\"name\":\"INCCO\",\"description\":\"Shop\",\"publisher\":{\"@id\":\"https:\\\/\\\/shop.incco.mx\\\/#organization\"},\"potentialAction\":[{\"@type\":\"SearchAction\",\"target\":{\"@type\":\"EntryPoint\",\"urlTemplate\":\"https:\\\/\\\/shop.incco.mx\\\/?s={search_term_string}\"},\"query-input\":{\"@type\":\"PropertyValueSpecification\",\"valueRequired\":true,\"valueName\":\"search_term_string\"}}],\"inLanguage\":\"en-US\"},{\"@type\":\"Organization\",\"@id\":\"https:\\\/\\\/shop.incco.mx\\\/#organization\",\"name\":\"INCCO\",\"url\":\"https:\\\/\\\/shop.incco.mx\\\/\",\"logo\":{\"@type\":\"ImageObject\",\"inLanguage\":\"en-US\",\"@id\":\"https:\\\/\\\/shop.incco.mx\\\/#\\\/schema\\\/logo\\\/image\\\/\",\"url\":\"https:\\\/\\\/shop.incco.mx\\\/wp-content\\\/uploads\\\/2026\\\/01\\\/Incco-logo-azul-con-fondo.jpg\",\"contentUrl\":\"https:\\\/\\\/shop.incco.mx\\\/wp-content\\\/uploads\\\/2026\\\/01\\\/Incco-logo-azul-con-fondo.jpg\",\"width\":884,\"height\":531,\"caption\":\"INCCO\"},\"image\":{\"@id\":\"https:\\\/\\\/shop.incco.mx\\\/#\\\/schema\\\/logo\\\/image\\\/\"}}]}<\/script>\n<!-- \/ Yoast SEO Premium plugin. -->","yoast_head_json":{"title":"Regi\u00f3n - INCCO","robots":{"index":"index","follow":"follow","max-snippet":"max-snippet:-1","max-image-preview":"max-image-preview:large","max-video-preview":"max-video-preview:-1"},"canonical":"https:\/\/shop.incco.mx\/en\/region\/","og_locale":"en_US","og_type":"article","og_title":"Regi\u00f3n","og_description":"SELECCIONA TU REGI\u00d3N M\u00c9XICO INTERNACIONAL","og_url":"https:\/\/shop.incco.mx\/en\/region\/","og_site_name":"INCCO","article_modified_time":"2026-02-12T23:07:31+00:00","og_image":[{"width":1978,"height":1138,"url":"https:\/\/shop.incco.mx\/wp-content\/uploads\/2026\/02\/incco-logo-A3.webp","type":"image\/webp"}],"twitter_card":"summary_large_image","twitter_misc":{"Est. reading time":"1 minute"},"schema":{"@context":"https:\/\/schema.org","@graph":[{"@type":"WebPage","@id":"https:\/\/shop.incco.mx\/region\/","url":"https:\/\/shop.incco.mx\/region\/","name":"Regi\u00f3n - INCCO","isPartOf":{"@id":"https:\/\/shop.incco.mx\/#website"},"primaryImageOfPage":{"@id":"https:\/\/shop.incco.mx\/region\/#primaryimage"},"image":{"@id":"https:\/\/shop.incco.mx\/region\/#primaryimage"},"thumbnailUrl":"https:\/\/shop.incco.mx\/wp-content\/uploads\/2026\/02\/incco-logo-A3.webp","datePublished":"2026-02-12T23:02:39+00:00","dateModified":"2026-02-12T23:07:31+00:00","breadcrumb":{"@id":"https:\/\/shop.incco.mx\/region\/#breadcrumb"},"inLanguage":"en-US","potentialAction":[{"@type":"ReadAction","target":["https:\/\/shop.incco.mx\/region\/"]}]},{"@type":"ImageObject","inLanguage":"en-US","@id":"https:\/\/shop.incco.mx\/region\/#primaryimage","url":"https:\/\/shop.incco.mx\/wp-content\/uploads\/2026\/02\/incco-logo-A3.webp","contentUrl":"https:\/\/shop.incco.mx\/wp-content\/uploads\/2026\/02\/incco-logo-A3.webp"},{"@type":"BreadcrumbList","@id":"https:\/\/shop.incco.mx\/region\/#breadcrumb","itemListElement":[{"@type":"ListItem","position":1,"name":"Portada","item":"https:\/\/shop.incco.mx\/"},{"@type":"ListItem","position":2,"name":"Regi\u00f3n"}]},{"@type":"WebSite","@id":"https:\/\/shop.incco.mx\/#website","url":"https:\/\/shop.incco.mx\/","name":"INCCO","description":"Shop","publisher":{"@id":"https:\/\/shop.incco.mx\/#organization"},"potentialAction":[{"@type":"SearchAction","target":{"@type":"EntryPoint","urlTemplate":"https:\/\/shop.incco.mx\/?s={search_term_string}"},"query-input":{"@type":"PropertyValueSpecification","valueRequired":true,"valueName":"search_term_string"}}],"inLanguage":"en-US"},{"@type":"Organization","@id":"https:\/\/shop.incco.mx\/#organization","name":"INCCO","url":"https:\/\/shop.incco.mx\/","logo":{"@type":"ImageObject","inLanguage":"en-US","@id":"https:\/\/shop.incco.mx\/#\/schema\/logo\/image\/","url":"https:\/\/shop.incco.mx\/wp-content\/uploads\/2026\/01\/Incco-logo-azul-con-fondo.jpg","contentUrl":"https:\/\/shop.incco.mx\/wp-content\/uploads\/2026\/01\/Incco-logo-azul-con-fondo.jpg","width":884,"height":531,"caption":"INCCO"},"image":{"@id":"https:\/\/shop.incco.mx\/#\/schema\/logo\/image\/"}}]}},"_links":{"self":[{"href":"https:\/\/shop.incco.mx\/en\/wp-json\/wp\/v2\/pages\/7438","targetHints":{"allow":["GET"]}}],"collection":[{"href":"https:\/\/shop.incco.mx\/en\/wp-json\/wp\/v2\/pages"}],"about":[{"href":"https:\/\/shop.incco.mx\/en\/wp-json\/wp\/v2\/types\/page"}],"author":[{"embeddable":true,"href":"https:\/\/shop.incco.mx\/en\/wp-json\/wp\/v2\/users\/1"}],"replies":[{"embeddable":true,"href":"https:\/\/shop.incco.mx\/en\/wp-json\/wp\/v2\/comments?post=7438"}],"version-history":[{"count":4,"href":"https:\/\/shop.incco.mx\/en\/wp-json\/wp\/v2\/pages\/7438\/revisions"}],"predecessor-version":[{"id":7447,"href":"https:\/\/shop.incco.mx\/en\/wp-json\/wp\/v2\/pages\/7438\/revisions\/7447"}],"wp:attachment":[{"href":"https:\/\/shop.incco.mx\/en\/wp-json\/wp\/v2\/media?parent=7438"}],"curies":[{"name":"wp","href":"https:\/\/api.w.org\/{rel}","templated":true}]}}